{"id":2769,"date":"2025-11-26T16:29:28","date_gmt":"2025-11-26T15:29:28","guid":{"rendered":"https:\/\/www.chateau-ducru-beaucaillou.com\/la-croix-ducru-beaucaillou\/"},"modified":"2026-01-06T15:43:50","modified_gmt":"2026-01-06T14:43:50","slug":"shizibaojialong-shengzhulianchanqu","status":"publish","type":"page","link":"https:\/\/www.chateau-ducru-beaucaillou.com\/zh-hans\/shizibaojialong-shengzhulianchanqu\/","title":{"rendered":"\u5341\u5b57\u5b9d\u5609\u9f99 \u5723\u6731\u5229\u5b89\u4ea7\u533a"},"content":{"rendered":"\t\t<div data-elementor-type=\"wp-page\" data-elementor-id=\"2769\" class=\"elementor elementor-2769 elementor-1135\" data-elementor-post-type=\"page\">\n\t\t\t\t<div class=\"elementor-element elementor-element-ced0fcb e-flex e-con-boxed wpr-particle-no wpr-jarallax-no wpr-parallax-no wpr-sticky-section-no e-con e-parent\" data-id=\"ced0fcb\" data-element_type=\"container\">\n\t\t\t\t\t<div class=\"e-con-inner\">\n\t\t\t\t<div class=\"elementor-element elementor-element-2670862 elementor-widget elementor-widget-heading\" data-id=\"2670862\" data-element_type=\"widget\" data-widget_type=\"heading.default\">\n\t\t\t\t<div class=\"elementor-widget-container\">\n\t\t\t\t\t<h1 class=\"elementor-heading-title elementor-size-default\">\u5341\u5b57\u5b9d\u5609\u9f99 \u5723\u6731\u5229\u5b89\u4ea7\u533a<\/h1>\t\t\t\t<\/div>\n\t\t\t\t<\/div>\n\t\t\t\t\t<\/div>\n\t\t\t\t<\/div>\n\t\t<div class=\"elementor-element elementor-element-47daa26 e-flex e-con-boxed wpr-particle-no wpr-jarallax-no wpr-parallax-no wpr-sticky-section-no e-con e-parent\" data-id=\"47daa26\" data-element_type=\"container\">\n\t\t\t\t\t<div class=\"e-con-inner\">\n\t\t<div class=\"elementor-element elementor-element-89522f3 e-con-full e-flex wpr-particle-no wpr-jarallax-no wpr-parallax-no wpr-sticky-section-no e-con e-child\" data-id=\"89522f3\" data-element_type=\"container\">\n\t\t\t\t<div class=\"elementor-element elementor-element-cfd0780 blocLettrine elementor-widget elementor-widget-text-editor\" data-id=\"cfd0780\" data-element_type=\"widget\" data-widget_type=\"text-editor.default\">\n\t\t\t\t<div class=\"elementor-widget-container\">\n\t\t\t\t\t\t\t\t\t<p>\u5341\u5b57\u5b9d\u5609\u9f99\u8fd9\u6b3e\u8461\u8404\u9152\u7531\u5b9d\u5609\u9f99\u9152\u5e84\u7684\u8461\u8404\u56ed\u5b55\u80b2\u800c\u5f97\u3002\u8fd9\u7247\u51fa\u8272\u7684\u6885\u591a\u514b\u8461\u8404\u56ed\u4e1c\u90e8\u4e34\u6cb3\uff0c\u5f80\u897f\u4e00\u76f4\u94fa\u81f3\u5723\u4e8e\u8fde\u6cd5\u5b9a\u4ea7\u533a\u5730\u57df\u8303\u56f4\u7684\u4e2d\u90e8\u3002\u9152\u5e84\u7684\u6cd5\u8bed\u540d\u5b57\u6e90\u4e8e\u201cbeaux cailloux\u201d\uff08\u610f\u4e3a\u201c\u7f8e\u4e3d\u7684\u77f3\u5934\u201d\uff09\uff0c\u800c\u8fd9\u91cc\u7684\u571f\u58e4\u5219\u56e0\u542b\u6709\u5927\u91cf\u7684\u77f3\u82f1\u800c\u751a\u662f\u8d2b\u7620\u3002\u00a0<\/p>\t\t\t\t\t\t\t\t<\/div>\n\t\t\t\t<\/div>\n\t\t\t\t<div class=\"elementor-element elementor-element-b96571f elementor-widget elementor-widget-text-editor\" data-id=\"b96571f\" data-element_type=\"widget\" data-widget_type=\"text-editor.default\">\n\t\t\t\t<div class=\"elementor-widget-container\">\n\t\t\t\t\t\t\t\t\t<p>\u5982Ren\u00e9 Pijassou\u6559\u6388\u6240\u8ff0\uff0c\u6b63\u662f\u8fd9\u7c7b\u201c\u519c\u4e1a\u571f\u58e4\u201d\u7684\u8d2b\u7620\u7279\u5f81\u8d4b\u4e88\u4e86\u5176\u5728\u8461\u8404\u9152\u751f\u4ea7\u65b9\u9762\u7684\u5de8\u5927\u4ef7\u503c\u3002\u4e1c\u90e8\u7684\u7530\u5757\u5360\u636e\u7740\u6cb3\u53e3\u6b63\u4e0a\u65b9\u7684\u6885\u591a\u514b\u5706\u4e18\uff0c\u800c\u4e2d\u90e8\u7684\u7530\u5757\u5219\u4eab\u53d7\u7531La Mouline\u5c0f\u6eaa\u5e26\u6765\u7684\u5fae\u6c14\u5019\uff0c\u8fd9\u6761\u5c0f\u6eaa\u4ece\u897f\u81f3\u4e1c\u6a2a\u7a7f\u4ea7\u533a\uff0c\u6700\u540e\u6c47\u5165\u5409\u4f26\u7279\u6cb3\u3002<\/p>\t\t\t\t\t\t\t\t<\/div>\n\t\t\t\t<\/div>\n\t\t\t\t<div class=\"elementor-element elementor-element-dde6a95 wpr-advanced-accordion-icon-side-box elementor-widget elementor-widget-wpr-advanced-accordion\" data-id=\"dde6a95\" data-element_type=\"widget\" data-settings=\"{&quot;active_item&quot;:0}\" data-widget_type=\"wpr-advanced-accordion.default\">\n\t\t\t\t<div class=\"elementor-widget-container\">\n\t\t\t\t\t\n            <div class=\"wpr-advanced-accordion\" data-accordion-type=\"accordion\" data-active-index=\"0\" data-accordion-trigger=\"click\" data-interaction-speed=\"0.4\">\n\n\t\t\t\n                \n\t\t\t\t\t<div class=\"wpr-accordion-item-wrap\">\n\t\t\t\t\t\t<button class=\"wpr-acc-button\">\n\t\t\t\t\t\t\t<span class=\"wpr-acc-item-title\">\n\t\t\t\t\t\t\t\t\t\t\t\t\t\t\t\t\t<div class=\"wpr-acc-icon-box\">\n\t\t\t\t\t\t\t\t\t\t\t\t\t\t<span class=\"wpr-toggle-icon wpr-ti-close\"><i aria-hidden=\"true\" class=\"fas fa-plus\"><\/i><\/span>\n\t\t\t\t<span class=\"wpr-toggle-icon wpr-ti-open\"><i aria-hidden=\"true\" class=\"fas fa-minus\"><\/i><\/span>\n\t\t\t\t\t\t\t\t\t\t\t\t<\/div>\n\t\t\t\t\t\t\t\t\n\t\t\t\t\t\t\t\t<span class=\"wpr-acc-title-text\">\u67e5\u770b\u66f4\u591a<\/span>\n\t\t\t\t\t\t\t<\/span>\n\t\t\t\t\t\t\t\t\t\t\t<span class=\"wpr-title-icon\">\n\t\t\t\t\t\t\t\t\t<\/span>\n\t\t\t\t\t\t\t\t\t<\/button>\n\n\t\t\t\t\t\t<div class=\"wpr-acc-panel\">\n\t\t\t\t\t\t\t\t\t\t\t\t\t\t\t<div class=\"wpr-acc-panel-content\"><p>\u5341\u5b57\u5b9d\u5609\u9f99\u662f\u5bf9\u5b9d\u5609\u9f99\u98ce\u571f\u7684\u4e00\u79cd\u65b0\u9896\u8be0\u91ca\uff0c\u662f\u540c\u7c7b\u9152\u6b3e\u4e2d\u4e00\u4efd\u72ec\u4e00\u65e0\u4e8c\u7684\u8868\u8fbe\u3002\u5b9d\u5609\u9f99\u7684\u7cbe\u82f1\u5de5\u5e8f\u540c\u6837\u9002\u7528\u4e8e\u6b64\u6b3e\u4f73\u917f\u3002\u8ffd\u9010\u5353\u8d8a\u7684\u56e2\u961f\u4e3a\u8fd9\u6b3e\u9152\u732e\u4e0a\u540c\u6837\u7684\u6fc0\u60c5\u3002\u00a0<\/p><p>\u8fd9\u662f\u4e00\u6b3e\u80fd\u591f\u5b8c\u7f8e\u5c55\u73b0\u5176\u5217\u7ea7\u540d\u5e84\u98ce\u571f\u6761\u4ef6\u7684\u4f18\u79c0\u9152\u6b3e\uff0c\u8d64\u971e\u73e0\u5728\u8c03\u914d\u6bd4\u4f8b\u4e2d\u5360\u5230\u4e3b\u5bfc\u5730\u4f4d\uff08\u6bcf\u5e74\u7ea6\u536060%\uff09\uff0c \u9ed1\u7f8e\u4e50 \uff0835%\u523037%\uff09\u914d\u4e0a\u4e9b\u8bb8\u5e26\u6709\u751c\u9999\u6599\u611f\u7684\u5c0f\u7ef4\u591a\uff083%\u52305%\uff09\u3002<\/p><p>\u5f3a\u52b2\u3001\u4e1d\u6ed1\uff0c\u6781\u4e3a\u99a5\u90c1\uff0c\u5341\u5b57\u5b9d\u5609\u9f99\u56e0\u5176\u82b3\u9999\u3001\u5e73\u8861\u3001\u7ec6\u817b\u548c\u6301\u4e45\u5ea6\u800c\u8bf1\u4eba\u4e0d\u5df2\u3002\u4e00\u6b3e\u51fa\u8272\u4e4b\u4f5c\uff0c\u7531\u6b64\u89c9\u9192\u3001\u63a2\u7d22Borie\u98ce\u683c\uff0c\u5e76\u4e3a\u4e4b\u7740\u8ff7\u3002<\/p><\/div>\n\t\t\t\t\t\t\t\t\t\t\t\t\t<\/div>\n                    <\/div>\n\n                            <\/div>\n        \t\t\t\t<\/div>\n\t\t\t\t<\/div>\n\t\t\t\t<\/div>\n\t\t<div class=\"elementor-element elementor-element-57d4966 e-con-full e-flex wpr-particle-no wpr-jarallax-no wpr-parallax-no wpr-sticky-section-no e-con e-child\" data-id=\"57d4966\" data-element_type=\"container\">\n\t\t\t\t<div class=\"elementor-element elementor-element-d92f40a elementor-widget elementor-widget-image\" data-id=\"d92f40a\" data-element_type=\"widget\" data-widget_type=\"image.default\">\n\t\t\t\t<div class=\"elementor-widget-container\">\n\t\t\t\t\t\t\t\t\t\t\t\t\t\t\t<img fetchpriority=\"high\" decoding=\"async\" width=\"180\" height=\"727\" src=\"https:\/\/www.chateau-ducru-beaucaillou.com\/wp-content\/uploads\/2025\/12\/la-croix_1-e1764608193195.png\" class=\"attachment-full size-full wp-image-2733\" alt=\"\" srcset=\"https:\/\/www.chateau-ducru-beaucaillou.com\/wp-content\/uploads\/2025\/12\/la-croix_1-e1764608193195.png 180w, https:\/\/www.chateau-ducru-beaucaillou.com\/wp-content\/uploads\/2025\/12\/la-croix_1-e1764608193195-74x300.png 74w\" sizes=\"(max-width: 180px) 100vw, 180px\" \/>\t\t\t\t\t\t\t\t\t\t\t\t\t\t\t<\/div>\n\t\t\t\t<\/div>\n\t\t\t\t<div class=\"elementor-element elementor-element-32389d7 elementor-widget elementor-widget-text-editor\" data-id=\"32389d7\" data-element_type=\"widget\" data-widget_type=\"text-editor.default\">\n\t\t\t\t<div class=\"elementor-widget-container\">\n\t\t\t\t\t\t\t\t\t<p>\u5f3a\u52b2\u3001\u4e1d\u6ed1\uff0c<br \/>\u6781\u4e3a\u99a5\u90c1 \u3002<\/p>\t\t\t\t\t\t\t\t<\/div>\n\t\t\t\t<\/div>\n\t\t\t\t<div class=\"elementor-element elementor-element-38051ba elementor-align-center elementor-widget elementor-widget-button\" data-id=\"38051ba\" data-element_type=\"widget\" data-widget_type=\"button.default\">\n\t\t\t\t<div class=\"elementor-widget-container\">\n\t\t\t\t\t\t\t\t\t<div class=\"elementor-button-wrapper\">\n\t\t\t\t\t<a class=\"elementor-button elementor-button-link elementor-size-sm\" href=\"https:\/\/www.chateau-ducru-beaucaillou.com\/zh-hans\/ft_croix_mill_2022_ch1\/\" target=\"_blank\">\n\t\t\t\t\t\t<span class=\"elementor-button-content-wrapper\">\n\t\t\t\t\t\t\t\t\t<span class=\"elementor-button-text\">\u5173\u4e8e2022\u5e74\u8001\u5b57\u53f7\u7684\u4fe1\u606f<\/span>\n\t\t\t\t\t<\/span>\n\t\t\t\t\t<\/a>\n\t\t\t\t<\/div>\n\t\t\t\t\t\t\t\t<\/div>\n\t\t\t\t<\/div>\n\t\t\t\t<\/div>\n\t\t\t\t\t<\/div>\n\t\t\t\t<\/div>\n\t\t<div class=\"elementor-element elementor-element-85c7463 e-flex e-con-boxed wpr-particle-no wpr-jarallax-no wpr-parallax-no wpr-sticky-section-no e-con e-parent\" data-id=\"85c7463\" data-element_type=\"container\">\n\t\t\t\t\t<div class=\"e-con-inner\">\n\t\t\t\t<div class=\"elementor-element elementor-element-61ea4b6 elementor-widget elementor-widget-image\" data-id=\"61ea4b6\" data-element_type=\"widget\" data-widget_type=\"image.default\">\n\t\t\t\t<div class=\"elementor-widget-container\">\n\t\t\t\t\t\t\t\t\t\t\t\t\t\t\t<img decoding=\"async\" width=\"800\" height=\"356\" src=\"https:\/\/www.chateau-ducru-beaucaillou.com\/wp-content\/uploads\/2025\/12\/header-primeur-2019-1024x456.jpg\" class=\"attachment-large size-large wp-image-3147\" alt=\"\" srcset=\"https:\/\/www.chateau-ducru-beaucaillou.com\/wp-content\/uploads\/2025\/12\/header-primeur-2019-1024x456.jpg 1024w, https:\/\/www.chateau-ducru-beaucaillou.com\/wp-content\/uploads\/2025\/12\/header-primeur-2019-300x134.jpg 300w, https:\/\/www.chateau-ducru-beaucaillou.com\/wp-content\/uploads\/2025\/12\/header-primeur-2019-768x342.jpg 768w, https:\/\/www.chateau-ducru-beaucaillou.com\/wp-content\/uploads\/2025\/12\/header-primeur-2019.jpg 1280w\" sizes=\"(max-width: 800px) 100vw, 800px\" \/>\t\t\t\t\t\t\t\t\t\t\t\t\t\t\t<\/div>\n\t\t\t\t<\/div>\n\t\t\t\t<div class=\"elementor-element elementor-element-329bffa elementor-widget elementor-widget-heading\" data-id=\"329bffa\" data-element_type=\"widget\" data-widget_type=\"heading.default\">\n\t\t\t\t<div class=\"elementor-widget-container\">\n\t\t\t\t\t<h2 class=\"elementor-heading-title elementor-size-default\">2019\u5e74\u4efd\u671f\u9152<\/h2>\t\t\t\t<\/div>\n\t\t\t\t<\/div>\n\t\t\t\t<div class=\"elementor-element elementor-element-87da99a elementor-mobile-align-justify elementor-widget elementor-widget-button\" data-id=\"87da99a\" data-element_type=\"widget\" data-widget_type=\"button.default\">\n\t\t\t\t<div class=\"elementor-widget-container\">\n\t\t\t\t\t\t\t\t\t<div class=\"elementor-button-wrapper\">\n\t\t\t\t\t<a class=\"elementor-button elementor-button-link elementor-size-sm\" href=\"https:\/\/www.chateau-ducru-beaucaillou.com\/zh-hans\/2019nianfenqijiu\/\">\n\t\t\t\t\t\t<span class=\"elementor-button-content-wrapper\">\n\t\t\t\t\t\t\t\t\t<span class=\"elementor-button-text\">\u53d1\u73b0<\/span>\n\t\t\t\t\t<\/span>\n\t\t\t\t\t<\/a>\n\t\t\t\t<\/div>\n\t\t\t\t\t\t\t\t<\/div>\n\t\t\t\t<\/div>\n\t\t\t\t\t<\/div>\n\t\t\t\t<\/div>\n\t\t\t\t<\/div>\n\t\t","protected":false},"excerpt":{"rendered":"<p>\u5341\u5b57\u5b9d\u5609\u9f99 \u5723\u6731\u5229\u5b89\u4ea7\u533a \u5341\u5b57\u5b9d\u5609\u9f99\u8fd9\u6b3e\u8461\u8404\u9152\u7531\u5b9d\u5609\u9f99\u9152\u5e84\u7684\u8461\u8404\u56ed\u5b55\u80b2\u800c\u5f97\u3002\u8fd9\u7247\u51fa\u8272\u7684\u6885\u591a\u514b\u8461\u8404\u56ed\u4e1c\u90e8\u4e34\u6cb3\uff0c\u5f80\u897f\u4e00\u76f4\u94fa\u81f3\u5723\u4e8e\u8fde\u6cd5\u5b9a\u4ea7\u533a\u5730\u57df\u8303\u56f4\u7684\u4e2d\u90e8\u3002\u9152\u5e84\u7684\u6cd5\u8bed\u540d\u5b57\u6e90\u4e8e\u201cbeaux cailloux\u201d\uff08\u610f\u4e3a\u201c\u7f8e\u4e3d\u7684\u77f3\u5934\u201d\uff09\uff0c\u800c\u8fd9\u91cc\u7684\u571f\u58e4\u5219\u56e0\u542b\u6709\u5927\u91cf\u7684\u77f3\u82f1\u800c\u751a\u662f\u8d2b\u7620\u3002\u00a0 \u5982Ren\u00e9 Pijassou\u6559\u6388\u6240\u8ff0\uff0c\u6b63\u662f\u8fd9\u7c7b\u201c\u519c\u4e1a\u571f\u58e4\u201d\u7684\u8d2b\u7620\u7279\u5f81\u8d4b\u4e88\u4e86\u5176\u5728\u8461\u8404\u9152\u751f\u4ea7\u65b9\u9762\u7684\u5de8\u5927\u4ef7\u503c\u3002\u4e1c\u90e8\u7684\u7530\u5757\u5360\u636e\u7740\u6cb3\u53e3\u6b63\u4e0a\u65b9\u7684\u6885\u591a\u514b\u5706\u4e18\uff0c\u800c\u4e2d\u90e8\u7684\u7530\u5757\u5219\u4eab\u53d7\u7531La Mouline\u5c0f\u6eaa\u5e26\u6765\u7684\u5fae\u6c14\u5019\uff0c\u8fd9\u6761\u5c0f\u6eaa\u4ece\u897f\u81f3\u4e1c\u6a2a\u7a7f\u4ea7\u533a\uff0c\u6700\u540e\u6c47\u5165\u5409\u4f26\u7279\u6cb3\u3002 \u67e5\u770b\u66f4\u591a \u5341\u5b57\u5b9d\u5609\u9f99\u662f\u5bf9\u5b9d\u5609\u9f99\u98ce\u571f\u7684\u4e00\u79cd\u65b0\u9896\u8be0\u91ca\uff0c\u662f\u540c\u7c7b\u9152\u6b3e\u4e2d\u4e00\u4efd\u72ec\u4e00\u65e0\u4e8c\u7684\u8868\u8fbe\u3002\u5b9d\u5609\u9f99\u7684\u7cbe\u82f1\u5de5\u5e8f\u540c\u6837\u9002\u7528\u4e8e\u6b64\u6b3e\u4f73\u917f\u3002\u8ffd\u9010\u5353\u8d8a\u7684\u56e2\u961f\u4e3a\u8fd9\u6b3e\u9152\u732e\u4e0a\u540c\u6837\u7684\u6fc0\u60c5\u3002\u00a0 \u8fd9\u662f\u4e00\u6b3e\u80fd\u591f\u5b8c\u7f8e\u5c55\u73b0\u5176\u5217\u7ea7\u540d\u5e84\u98ce\u571f\u6761\u4ef6\u7684\u4f18\u79c0\u9152\u6b3e\uff0c\u8d64\u971e\u73e0\u5728\u8c03\u914d\u6bd4\u4f8b\u4e2d\u5360\u5230\u4e3b\u5bfc\u5730\u4f4d\uff08\u6bcf\u5e74\u7ea6\u536060%\uff09\uff0c \u9ed1\u7f8e\u4e50 \uff0835%\u523037%\uff09\u914d\u4e0a\u4e9b\u8bb8\u5e26\u6709\u751c\u9999\u6599\u611f\u7684\u5c0f\u7ef4\u591a\uff083%\u52305%\uff09\u3002 \u5f3a\u52b2\u3001\u4e1d\u6ed1\uff0c\u6781\u4e3a\u99a5\u90c1\uff0c\u5341\u5b57\u5b9d\u5609\u9f99\u56e0\u5176\u82b3\u9999\u3001\u5e73\u8861\u3001\u7ec6\u817b\u548c\u6301\u4e45\u5ea6\u800c\u8bf1\u4eba\u4e0d\u5df2\u3002\u4e00\u6b3e\u51fa\u8272\u4e4b\u4f5c\uff0c\u7531\u6b64\u89c9\u9192\u3001\u63a2\u7d22Borie\u98ce\u683c\uff0c\u5e76\u4e3a\u4e4b\u7740\u8ff7\u3002 \u5f3a\u52b2\u3001\u4e1d\u6ed1\uff0c\u6781\u4e3a\u99a5\u90c1 \u3002 \u5173\u4e8e2022\u5e74\u8001\u5b57\u53f7\u7684\u4fe1\u606f 2019\u5e74\u4efd\u671f\u9152 \u53d1\u73b0<\/p>\n","protected":false},"author":1,"featured_media":0,"parent":0,"menu_order":0,"comment_status":"closed","ping_status":"closed","template":"","meta":{"footnotes":""},"class_list":["post-2769","page","type-page","status-publish","hentry"],"yoast_head":"<!-- This site is optimized with the Yoast SEO plugin v26.8 - https:\/\/yoast.com\/product\/yoast-seo-wordpress\/ -->\n<title>\u5341\u5b57\u5b9d\u5609\u9f99 \u5723\u6731\u5229\u5b89\u4ea7\u533a | Ch\u00e2teau Ducru-Beaucaillou<\/title>\n<meta name=\"description\" content=\"Site officiel du Ch\u00e2teau Ducru-Beaucaillou, Grand Cru Class\u00e9 Saint-Julien, M\u00e9doc, Bordeaux, propri\u00e9t\u00e9 de Ducru Beaucaillou SA.\" \/>\n<meta name=\"robots\" content=\"index, follow, max-snippet:-1, max-image-preview:large, max-video-preview:-1\" \/>\n<link rel=\"canonical\" href=\"https:\/\/www.chateau-ducru-beaucaillou.com\/zh-hans\/shizibaojialong-shengzhulianchanqu\/\" \/>\n<meta property=\"og:locale\" content=\"zh_CN\" \/>\n<meta property=\"og:type\" content=\"article\" \/>\n<meta property=\"og:title\" content=\"\u5341\u5b57\u5b9d\u5609\u9f99 \u5723\u6731\u5229\u5b89\u4ea7\u533a | Ch\u00e2teau Ducru-Beaucaillou\" \/>\n<meta property=\"og:description\" content=\"Site officiel du Ch\u00e2teau Ducru-Beaucaillou, Grand Cru Class\u00e9 Saint-Julien, M\u00e9doc, Bordeaux, propri\u00e9t\u00e9 de Ducru Beaucaillou SA.\" \/>\n<meta property=\"og:url\" content=\"https:\/\/www.chateau-ducru-beaucaillou.com\/zh-hans\/shizibaojialong-shengzhulianchanqu\/\" \/>\n<meta property=\"og:site_name\" content=\"Ch\u00e2teau Ducru-Beaucaillou\" \/>\n<meta property=\"article:modified_time\" content=\"2026-01-06T14:43:50+00:00\" \/>\n<meta property=\"og:image\" content=\"https:\/\/www.chateau-ducru-beaucaillou.com\/wp-content\/uploads\/2025\/12\/la-croix_1-e1764608193195.png\" \/>\n\t<meta property=\"og:image:width\" content=\"180\" \/>\n\t<meta property=\"og:image:height\" content=\"727\" \/>\n\t<meta property=\"og:image:type\" content=\"image\/png\" \/>\n<meta name=\"twitter:card\" content=\"summary_large_image\" \/>\n<meta name=\"twitter:label1\" content=\"\u9884\u8ba1\u9605\u8bfb\u65f6\u95f4\" \/>\n\t<meta name=\"twitter:data1\" content=\"1 \u5206\" \/>\n<script type=\"application\/ld+json\" class=\"yoast-schema-graph\">{\"@context\":\"https:\/\/schema.org\",\"@graph\":[{\"@type\":\"WebPage\",\"@id\":\"https:\/\/www.chateau-ducru-beaucaillou.com\/zh-hans\/shizibaojialong-shengzhulianchanqu\/\",\"url\":\"https:\/\/www.chateau-ducru-beaucaillou.com\/zh-hans\/shizibaojialong-shengzhulianchanqu\/\",\"name\":\"\u5341\u5b57\u5b9d\u5609\u9f99 \u5723\u6731\u5229\u5b89\u4ea7\u533a | Ch\u00e2teau Ducru-Beaucaillou\",\"isPartOf\":{\"@id\":\"https:\/\/www.chateau-ducru-beaucaillou.com\/zh-hans\/#website\"},\"primaryImageOfPage\":{\"@id\":\"https:\/\/www.chateau-ducru-beaucaillou.com\/zh-hans\/shizibaojialong-shengzhulianchanqu\/#primaryimage\"},\"image\":{\"@id\":\"https:\/\/www.chateau-ducru-beaucaillou.com\/zh-hans\/shizibaojialong-shengzhulianchanqu\/#primaryimage\"},\"thumbnailUrl\":\"https:\/\/www.chateau-ducru-beaucaillou.com\/wp-content\/uploads\/2025\/12\/la-croix_1-e1764608193195.png\",\"datePublished\":\"2025-11-26T15:29:28+00:00\",\"dateModified\":\"2026-01-06T14:43:50+00:00\",\"description\":\"Site officiel du Ch\u00e2teau Ducru-Beaucaillou, Grand Cru Class\u00e9 Saint-Julien, M\u00e9doc, Bordeaux, propri\u00e9t\u00e9 de Ducru Beaucaillou SA.\",\"breadcrumb\":{\"@id\":\"https:\/\/www.chateau-ducru-beaucaillou.com\/zh-hans\/shizibaojialong-shengzhulianchanqu\/#breadcrumb\"},\"inLanguage\":\"zh-Hans\",\"potentialAction\":[{\"@type\":\"ReadAction\",\"target\":[\"https:\/\/www.chateau-ducru-beaucaillou.com\/zh-hans\/shizibaojialong-shengzhulianchanqu\/\"]}]},{\"@type\":\"ImageObject\",\"inLanguage\":\"zh-Hans\",\"@id\":\"https:\/\/www.chateau-ducru-beaucaillou.com\/zh-hans\/shizibaojialong-shengzhulianchanqu\/#primaryimage\",\"url\":\"https:\/\/www.chateau-ducru-beaucaillou.com\/wp-content\/uploads\/2025\/12\/la-croix_1-e1764608193195.png\",\"contentUrl\":\"https:\/\/www.chateau-ducru-beaucaillou.com\/wp-content\/uploads\/2025\/12\/la-croix_1-e1764608193195.png\"},{\"@type\":\"BreadcrumbList\",\"@id\":\"https:\/\/www.chateau-ducru-beaucaillou.com\/zh-hans\/shizibaojialong-shengzhulianchanqu\/#breadcrumb\",\"itemListElement\":[{\"@type\":\"ListItem\",\"position\":1,\"name\":\"Accueil\",\"item\":\"https:\/\/www.chateau-ducru-beaucaillou.com\/zh-hans\/\"},{\"@type\":\"ListItem\",\"position\":2,\"name\":\"\u5341\u5b57\u5b9d\u5609\u9f99 \u5723\u6731\u5229\u5b89\u4ea7\u533a\"}]},{\"@type\":\"WebSite\",\"@id\":\"https:\/\/www.chateau-ducru-beaucaillou.com\/zh-hans\/#website\",\"url\":\"https:\/\/www.chateau-ducru-beaucaillou.com\/zh-hans\/\",\"name\":\"Ch\u00e2teau Ducru-Beaucaillou\",\"description\":\"\",\"publisher\":{\"@id\":\"https:\/\/www.chateau-ducru-beaucaillou.com\/zh-hans\/#organization\"},\"potentialAction\":[{\"@type\":\"SearchAction\",\"target\":{\"@type\":\"EntryPoint\",\"urlTemplate\":\"https:\/\/www.chateau-ducru-beaucaillou.com\/zh-hans\/?s={search_term_string}\"},\"query-input\":{\"@type\":\"PropertyValueSpecification\",\"valueRequired\":true,\"valueName\":\"search_term_string\"}}],\"inLanguage\":\"zh-Hans\"},{\"@type\":\"Organization\",\"@id\":\"https:\/\/www.chateau-ducru-beaucaillou.com\/zh-hans\/#organization\",\"name\":\"Ch\u00e2teau Ducru-Beaucaillou\",\"url\":\"https:\/\/www.chateau-ducru-beaucaillou.com\/zh-hans\/\",\"logo\":{\"@type\":\"ImageObject\",\"inLanguage\":\"zh-Hans\",\"@id\":\"https:\/\/www.chateau-ducru-beaucaillou.com\/zh-hans\/#\/schema\/logo\/image\/\",\"url\":\"https:\/\/www.chateau-ducru-beaucaillou.com\/wp-content\/uploads\/2025\/11\/logo-Ducru-Beaucaillou-orange-complet.svg\",\"contentUrl\":\"https:\/\/www.chateau-ducru-beaucaillou.com\/wp-content\/uploads\/2025\/11\/logo-Ducru-Beaucaillou-orange-complet.svg\",\"width\":480,\"height\":384,\"caption\":\"Ch\u00e2teau Ducru-Beaucaillou\"},\"image\":{\"@id\":\"https:\/\/www.chateau-ducru-beaucaillou.com\/zh-hans\/#\/schema\/logo\/image\/\"}}]}<\/script>\n<!-- \/ Yoast SEO plugin. -->","yoast_head_json":{"title":"\u5341\u5b57\u5b9d\u5609\u9f99 \u5723\u6731\u5229\u5b89\u4ea7\u533a | Ch\u00e2teau Ducru-Beaucaillou","description":"Site officiel du Ch\u00e2teau Ducru-Beaucaillou, Grand Cru Class\u00e9 Saint-Julien, M\u00e9doc, Bordeaux, propri\u00e9t\u00e9 de Ducru Beaucaillou SA.","robots":{"index":"index","follow":"follow","max-snippet":"max-snippet:-1","max-image-preview":"max-image-preview:large","max-video-preview":"max-video-preview:-1"},"canonical":"https:\/\/www.chateau-ducru-beaucaillou.com\/zh-hans\/shizibaojialong-shengzhulianchanqu\/","og_locale":"zh_CN","og_type":"article","og_title":"\u5341\u5b57\u5b9d\u5609\u9f99 \u5723\u6731\u5229\u5b89\u4ea7\u533a | Ch\u00e2teau Ducru-Beaucaillou","og_description":"Site officiel du Ch\u00e2teau Ducru-Beaucaillou, Grand Cru Class\u00e9 Saint-Julien, M\u00e9doc, Bordeaux, propri\u00e9t\u00e9 de Ducru Beaucaillou SA.","og_url":"https:\/\/www.chateau-ducru-beaucaillou.com\/zh-hans\/shizibaojialong-shengzhulianchanqu\/","og_site_name":"Ch\u00e2teau Ducru-Beaucaillou","article_modified_time":"2026-01-06T14:43:50+00:00","og_image":[{"width":180,"height":727,"url":"https:\/\/www.chateau-ducru-beaucaillou.com\/wp-content\/uploads\/2025\/12\/la-croix_1-e1764608193195.png","type":"image\/png"}],"twitter_card":"summary_large_image","twitter_misc":{"\u9884\u8ba1\u9605\u8bfb\u65f6\u95f4":"1 \u5206"},"schema":{"@context":"https:\/\/schema.org","@graph":[{"@type":"WebPage","@id":"https:\/\/www.chateau-ducru-beaucaillou.com\/zh-hans\/shizibaojialong-shengzhulianchanqu\/","url":"https:\/\/www.chateau-ducru-beaucaillou.com\/zh-hans\/shizibaojialong-shengzhulianchanqu\/","name":"\u5341\u5b57\u5b9d\u5609\u9f99 \u5723\u6731\u5229\u5b89\u4ea7\u533a | Ch\u00e2teau Ducru-Beaucaillou","isPartOf":{"@id":"https:\/\/www.chateau-ducru-beaucaillou.com\/zh-hans\/#website"},"primaryImageOfPage":{"@id":"https:\/\/www.chateau-ducru-beaucaillou.com\/zh-hans\/shizibaojialong-shengzhulianchanqu\/#primaryimage"},"image":{"@id":"https:\/\/www.chateau-ducru-beaucaillou.com\/zh-hans\/shizibaojialong-shengzhulianchanqu\/#primaryimage"},"thumbnailUrl":"https:\/\/www.chateau-ducru-beaucaillou.com\/wp-content\/uploads\/2025\/12\/la-croix_1-e1764608193195.png","datePublished":"2025-11-26T15:29:28+00:00","dateModified":"2026-01-06T14:43:50+00:00","description":"Site officiel du Ch\u00e2teau Ducru-Beaucaillou, Grand Cru Class\u00e9 Saint-Julien, M\u00e9doc, Bordeaux, propri\u00e9t\u00e9 de Ducru Beaucaillou SA.","breadcrumb":{"@id":"https:\/\/www.chateau-ducru-beaucaillou.com\/zh-hans\/shizibaojialong-shengzhulianchanqu\/#breadcrumb"},"inLanguage":"zh-Hans","potentialAction":[{"@type":"ReadAction","target":["https:\/\/www.chateau-ducru-beaucaillou.com\/zh-hans\/shizibaojialong-shengzhulianchanqu\/"]}]},{"@type":"ImageObject","inLanguage":"zh-Hans","@id":"https:\/\/www.chateau-ducru-beaucaillou.com\/zh-hans\/shizibaojialong-shengzhulianchanqu\/#primaryimage","url":"https:\/\/www.chateau-ducru-beaucaillou.com\/wp-content\/uploads\/2025\/12\/la-croix_1-e1764608193195.png","contentUrl":"https:\/\/www.chateau-ducru-beaucaillou.com\/wp-content\/uploads\/2025\/12\/la-croix_1-e1764608193195.png"},{"@type":"BreadcrumbList","@id":"https:\/\/www.chateau-ducru-beaucaillou.com\/zh-hans\/shizibaojialong-shengzhulianchanqu\/#breadcrumb","itemListElement":[{"@type":"ListItem","position":1,"name":"Accueil","item":"https:\/\/www.chateau-ducru-beaucaillou.com\/zh-hans\/"},{"@type":"ListItem","position":2,"name":"\u5341\u5b57\u5b9d\u5609\u9f99 \u5723\u6731\u5229\u5b89\u4ea7\u533a"}]},{"@type":"WebSite","@id":"https:\/\/www.chateau-ducru-beaucaillou.com\/zh-hans\/#website","url":"https:\/\/www.chateau-ducru-beaucaillou.com\/zh-hans\/","name":"Ch\u00e2teau Ducru-Beaucaillou","description":"","publisher":{"@id":"https:\/\/www.chateau-ducru-beaucaillou.com\/zh-hans\/#organization"},"potentialAction":[{"@type":"SearchAction","target":{"@type":"EntryPoint","urlTemplate":"https:\/\/www.chateau-ducru-beaucaillou.com\/zh-hans\/?s={search_term_string}"},"query-input":{"@type":"PropertyValueSpecification","valueRequired":true,"valueName":"search_term_string"}}],"inLanguage":"zh-Hans"},{"@type":"Organization","@id":"https:\/\/www.chateau-ducru-beaucaillou.com\/zh-hans\/#organization","name":"Ch\u00e2teau Ducru-Beaucaillou","url":"https:\/\/www.chateau-ducru-beaucaillou.com\/zh-hans\/","logo":{"@type":"ImageObject","inLanguage":"zh-Hans","@id":"https:\/\/www.chateau-ducru-beaucaillou.com\/zh-hans\/#\/schema\/logo\/image\/","url":"https:\/\/www.chateau-ducru-beaucaillou.com\/wp-content\/uploads\/2025\/11\/logo-Ducru-Beaucaillou-orange-complet.svg","contentUrl":"https:\/\/www.chateau-ducru-beaucaillou.com\/wp-content\/uploads\/2025\/11\/logo-Ducru-Beaucaillou-orange-complet.svg","width":480,"height":384,"caption":"Ch\u00e2teau Ducru-Beaucaillou"},"image":{"@id":"https:\/\/www.chateau-ducru-beaucaillou.com\/zh-hans\/#\/schema\/logo\/image\/"}}]}},"_links":{"self":[{"href":"https:\/\/www.chateau-ducru-beaucaillou.com\/zh-hans\/wp-json\/wp\/v2\/pages\/2769","targetHints":{"allow":["GET"]}}],"collection":[{"href":"https:\/\/www.chateau-ducru-beaucaillou.com\/zh-hans\/wp-json\/wp\/v2\/pages"}],"about":[{"href":"https:\/\/www.chateau-ducru-beaucaillou.com\/zh-hans\/wp-json\/wp\/v2\/types\/page"}],"author":[{"embeddable":true,"href":"https:\/\/www.chateau-ducru-beaucaillou.com\/zh-hans\/wp-json\/wp\/v2\/users\/1"}],"replies":[{"embeddable":true,"href":"https:\/\/www.chateau-ducru-beaucaillou.com\/zh-hans\/wp-json\/wp\/v2\/comments?post=2769"}],"version-history":[{"count":22,"href":"https:\/\/www.chateau-ducru-beaucaillou.com\/zh-hans\/wp-json\/wp\/v2\/pages\/2769\/revisions"}],"predecessor-version":[{"id":3685,"href":"https:\/\/www.chateau-ducru-beaucaillou.com\/zh-hans\/wp-json\/wp\/v2\/pages\/2769\/revisions\/3685"}],"wp:attachment":[{"href":"https:\/\/www.chateau-ducru-beaucaillou.com\/zh-hans\/wp-json\/wp\/v2\/media?parent=2769"}],"curies":[{"name":"wp","href":"https:\/\/api.w.org\/{rel}","templated":true}]}}