{"id":2766,"date":"2025-11-26T16:36:51","date_gmt":"2025-11-26T15:36:51","guid":{"rendered":"https:\/\/www.chateau-ducru-beaucaillou.com\/contact\/"},"modified":"2026-01-06T10:48:42","modified_gmt":"2026-01-06T09:48:42","slug":"goutong","status":"publish","type":"page","link":"https:\/\/www.chateau-ducru-beaucaillou.com\/zh-hans\/goutong\/","title":{"rendered":"\u6c9f\u901a\u65b9\u5f0f"},"content":{"rendered":"\t\t<div data-elementor-type=\"wp-page\" data-elementor-id=\"2766\" class=\"elementor elementor-2766 elementor-1147\" data-elementor-post-type=\"page\">\n\t\t\t\t<div class=\"elementor-element elementor-element-1d75e52 e-con-full e-flex wpr-particle-no wpr-jarallax-no wpr-parallax-no wpr-sticky-section-no e-con e-parent\" data-id=\"1d75e52\" data-element_type=\"container\" data-settings=\"{&quot;background_background&quot;:&quot;classic&quot;}\">\n\t\t\t\t<\/div>\n\t\t<div class=\"elementor-element elementor-element-d7bf3fe e-flex e-con-boxed wpr-particle-no wpr-jarallax-no wpr-parallax-no wpr-sticky-section-no e-con e-parent\" data-id=\"d7bf3fe\" data-element_type=\"container\">\n\t\t\t\t\t<div class=\"e-con-inner\">\n\t\t\t\t<div class=\"elementor-element elementor-element-3176f71 elementor-widget elementor-widget-heading\" data-id=\"3176f71\" data-element_type=\"widget\" data-widget_type=\"heading.default\">\n\t\t\t\t<div class=\"elementor-widget-container\">\n\t\t\t\t\t<h1 class=\"elementor-heading-title elementor-size-default\">\u6c9f\u901a\u65b9\u5f0f<\/h1>\t\t\t\t<\/div>\n\t\t\t\t<\/div>\n\t\t\t\t<div class=\"elementor-element elementor-element-8caa4b6 elementor-widget elementor-widget-text-editor\" data-id=\"8caa4b6\" data-element_type=\"widget\" data-widget_type=\"text-editor.default\">\n\t\t\t\t<div class=\"elementor-widget-container\">\n\t\t\t\t\t\t\t\t\t<p>Ch\u00e2teau Ducru-Beaucaillou<br \/>33250 Saint-Julien Beychevelle &#8211; France<br \/><a href=\"tel:+33556731673\" target=\"_blank\" rel=\"noopener\">+33 5 56 73 16 73<\/a><\/p><p><a href=\"mailto:ducru-beaucaillou@ducru-beaucaillou.com\" target=\"_blank\" rel=\"noopener\">ducru-beaucaillou@ducru-beaucaillou.com<\/a><\/p>\t\t\t\t\t\t\t\t<\/div>\n\t\t\t\t<\/div>\n\t\t\t\t\t<\/div>\n\t\t\t\t<\/div>\n\t\t\t\t<\/div>\n\t\t","protected":false},"excerpt":{"rendered":"<p>\u6c9f\u901a\u65b9\u5f0f Ch\u00e2teau Ducru-Beaucaillou33250 Saint-Julien Beychevelle &#8211; France+33 5 56 73 16 73 ducru-beaucaillou@ducru-beaucaillou.com<\/p>\n","protected":false},"author":1,"featured_media":0,"parent":0,"menu_order":0,"comment_status":"closed","ping_status":"closed","template":"","meta":{"footnotes":""},"class_list":["post-2766","page","type-page","status-publish","hentry"],"yoast_head":"<!-- This site is optimized with the Yoast SEO plugin v26.8 - https:\/\/yoast.com\/product\/yoast-seo-wordpress\/ -->\n<title>\u6c9f\u901a\u65b9\u5f0f | Ch\u00e2teau Ducru-Beaucaillou<\/title>\n<meta name=\"description\" content=\"Site officiel du Ch\u00e2teau Ducru-Beaucaillou, Grand Cru Class\u00e9 Saint-Julien, M\u00e9doc, Bordeaux, propri\u00e9t\u00e9 de Ducru Beaucaillou SA.\" \/>\n<meta name=\"robots\" content=\"index, follow, max-snippet:-1, max-image-preview:large, max-video-preview:-1\" \/>\n<link rel=\"canonical\" href=\"https:\/\/www.chateau-ducru-beaucaillou.com\/zh-hans\/goutong\/\" \/>\n<meta property=\"og:locale\" content=\"zh_CN\" \/>\n<meta property=\"og:type\" content=\"article\" \/>\n<meta property=\"og:title\" content=\"\u6c9f\u901a\u65b9\u5f0f | Ch\u00e2teau Ducru-Beaucaillou\" \/>\n<meta property=\"og:description\" content=\"Site officiel du Ch\u00e2teau Ducru-Beaucaillou, Grand Cru Class\u00e9 Saint-Julien, M\u00e9doc, Bordeaux, propri\u00e9t\u00e9 de Ducru Beaucaillou SA.\" \/>\n<meta property=\"og:url\" content=\"https:\/\/www.chateau-ducru-beaucaillou.com\/zh-hans\/goutong\/\" \/>\n<meta property=\"og:site_name\" content=\"Ch\u00e2teau Ducru-Beaucaillou\" \/>\n<meta property=\"article:modified_time\" content=\"2026-01-06T09:48:42+00:00\" \/>\n<meta name=\"twitter:card\" content=\"summary_large_image\" \/>\n<meta name=\"twitter:label1\" content=\"\u9884\u8ba1\u9605\u8bfb\u65f6\u95f4\" \/>\n\t<meta name=\"twitter:data1\" content=\"1 \u5206\" \/>\n<script type=\"application\/ld+json\" class=\"yoast-schema-graph\">{\"@context\":\"https:\/\/schema.org\",\"@graph\":[{\"@type\":\"WebPage\",\"@id\":\"https:\/\/www.chateau-ducru-beaucaillou.com\/zh-hans\/goutong\/\",\"url\":\"https:\/\/www.chateau-ducru-beaucaillou.com\/zh-hans\/goutong\/\",\"name\":\"\u6c9f\u901a\u65b9\u5f0f | Ch\u00e2teau Ducru-Beaucaillou\",\"isPartOf\":{\"@id\":\"https:\/\/www.chateau-ducru-beaucaillou.com\/zh-hans\/#website\"},\"datePublished\":\"2025-11-26T15:36:51+00:00\",\"dateModified\":\"2026-01-06T09:48:42+00:00\",\"description\":\"Site officiel du Ch\u00e2teau Ducru-Beaucaillou, Grand Cru Class\u00e9 Saint-Julien, M\u00e9doc, Bordeaux, propri\u00e9t\u00e9 de Ducru Beaucaillou SA.\",\"breadcrumb\":{\"@id\":\"https:\/\/www.chateau-ducru-beaucaillou.com\/zh-hans\/goutong\/#breadcrumb\"},\"inLanguage\":\"zh-Hans\",\"potentialAction\":[{\"@type\":\"ReadAction\",\"target\":[\"https:\/\/www.chateau-ducru-beaucaillou.com\/zh-hans\/goutong\/\"]}]},{\"@type\":\"BreadcrumbList\",\"@id\":\"https:\/\/www.chateau-ducru-beaucaillou.com\/zh-hans\/goutong\/#breadcrumb\",\"itemListElement\":[{\"@type\":\"ListItem\",\"position\":1,\"name\":\"Accueil\",\"item\":\"https:\/\/www.chateau-ducru-beaucaillou.com\/zh-hans\/\"},{\"@type\":\"ListItem\",\"position\":2,\"name\":\"\u6c9f\u901a\u65b9\u5f0f\"}]},{\"@type\":\"WebSite\",\"@id\":\"https:\/\/www.chateau-ducru-beaucaillou.com\/zh-hans\/#website\",\"url\":\"https:\/\/www.chateau-ducru-beaucaillou.com\/zh-hans\/\",\"name\":\"Ch\u00e2teau Ducru-Beaucaillou\",\"description\":\"\",\"publisher\":{\"@id\":\"https:\/\/www.chateau-ducru-beaucaillou.com\/zh-hans\/#organization\"},\"potentialAction\":[{\"@type\":\"SearchAction\",\"target\":{\"@type\":\"EntryPoint\",\"urlTemplate\":\"https:\/\/www.chateau-ducru-beaucaillou.com\/zh-hans\/?s={search_term_string}\"},\"query-input\":{\"@type\":\"PropertyValueSpecification\",\"valueRequired\":true,\"valueName\":\"search_term_string\"}}],\"inLanguage\":\"zh-Hans\"},{\"@type\":\"Organization\",\"@id\":\"https:\/\/www.chateau-ducru-beaucaillou.com\/zh-hans\/#organization\",\"name\":\"Ch\u00e2teau Ducru-Beaucaillou\",\"url\":\"https:\/\/www.chateau-ducru-beaucaillou.com\/zh-hans\/\",\"logo\":{\"@type\":\"ImageObject\",\"inLanguage\":\"zh-Hans\",\"@id\":\"https:\/\/www.chateau-ducru-beaucaillou.com\/zh-hans\/#\/schema\/logo\/image\/\",\"url\":\"https:\/\/www.chateau-ducru-beaucaillou.com\/wp-content\/uploads\/2025\/11\/logo-Ducru-Beaucaillou-orange-complet.svg\",\"contentUrl\":\"https:\/\/www.chateau-ducru-beaucaillou.com\/wp-content\/uploads\/2025\/11\/logo-Ducru-Beaucaillou-orange-complet.svg\",\"width\":480,\"height\":384,\"caption\":\"Ch\u00e2teau Ducru-Beaucaillou\"},\"image\":{\"@id\":\"https:\/\/www.chateau-ducru-beaucaillou.com\/zh-hans\/#\/schema\/logo\/image\/\"}}]}<\/script>\n<!-- \/ Yoast SEO plugin. -->","yoast_head_json":{"title":"\u6c9f\u901a\u65b9\u5f0f | Ch\u00e2teau Ducru-Beaucaillou","description":"Site officiel du Ch\u00e2teau Ducru-Beaucaillou, Grand Cru Class\u00e9 Saint-Julien, M\u00e9doc, Bordeaux, propri\u00e9t\u00e9 de Ducru Beaucaillou SA.","robots":{"index":"index","follow":"follow","max-snippet":"max-snippet:-1","max-image-preview":"max-image-preview:large","max-video-preview":"max-video-preview:-1"},"canonical":"https:\/\/www.chateau-ducru-beaucaillou.com\/zh-hans\/goutong\/","og_locale":"zh_CN","og_type":"article","og_title":"\u6c9f\u901a\u65b9\u5f0f | Ch\u00e2teau Ducru-Beaucaillou","og_description":"Site officiel du Ch\u00e2teau Ducru-Beaucaillou, Grand Cru Class\u00e9 Saint-Julien, M\u00e9doc, Bordeaux, propri\u00e9t\u00e9 de Ducru Beaucaillou SA.","og_url":"https:\/\/www.chateau-ducru-beaucaillou.com\/zh-hans\/goutong\/","og_site_name":"Ch\u00e2teau Ducru-Beaucaillou","article_modified_time":"2026-01-06T09:48:42+00:00","twitter_card":"summary_large_image","twitter_misc":{"\u9884\u8ba1\u9605\u8bfb\u65f6\u95f4":"1 \u5206"},"schema":{"@context":"https:\/\/schema.org","@graph":[{"@type":"WebPage","@id":"https:\/\/www.chateau-ducru-beaucaillou.com\/zh-hans\/goutong\/","url":"https:\/\/www.chateau-ducru-beaucaillou.com\/zh-hans\/goutong\/","name":"\u6c9f\u901a\u65b9\u5f0f | Ch\u00e2teau Ducru-Beaucaillou","isPartOf":{"@id":"https:\/\/www.chateau-ducru-beaucaillou.com\/zh-hans\/#website"},"datePublished":"2025-11-26T15:36:51+00:00","dateModified":"2026-01-06T09:48:42+00:00","description":"Site officiel du Ch\u00e2teau Ducru-Beaucaillou, Grand Cru Class\u00e9 Saint-Julien, M\u00e9doc, Bordeaux, propri\u00e9t\u00e9 de Ducru Beaucaillou SA.","breadcrumb":{"@id":"https:\/\/www.chateau-ducru-beaucaillou.com\/zh-hans\/goutong\/#breadcrumb"},"inLanguage":"zh-Hans","potentialAction":[{"@type":"ReadAction","target":["https:\/\/www.chateau-ducru-beaucaillou.com\/zh-hans\/goutong\/"]}]},{"@type":"BreadcrumbList","@id":"https:\/\/www.chateau-ducru-beaucaillou.com\/zh-hans\/goutong\/#breadcrumb","itemListElement":[{"@type":"ListItem","position":1,"name":"Accueil","item":"https:\/\/www.chateau-ducru-beaucaillou.com\/zh-hans\/"},{"@type":"ListItem","position":2,"name":"\u6c9f\u901a\u65b9\u5f0f"}]},{"@type":"WebSite","@id":"https:\/\/www.chateau-ducru-beaucaillou.com\/zh-hans\/#website","url":"https:\/\/www.chateau-ducru-beaucaillou.com\/zh-hans\/","name":"Ch\u00e2teau Ducru-Beaucaillou","description":"","publisher":{"@id":"https:\/\/www.chateau-ducru-beaucaillou.com\/zh-hans\/#organization"},"potentialAction":[{"@type":"SearchAction","target":{"@type":"EntryPoint","urlTemplate":"https:\/\/www.chateau-ducru-beaucaillou.com\/zh-hans\/?s={search_term_string}"},"query-input":{"@type":"PropertyValueSpecification","valueRequired":true,"valueName":"search_term_string"}}],"inLanguage":"zh-Hans"},{"@type":"Organization","@id":"https:\/\/www.chateau-ducru-beaucaillou.com\/zh-hans\/#organization","name":"Ch\u00e2teau Ducru-Beaucaillou","url":"https:\/\/www.chateau-ducru-beaucaillou.com\/zh-hans\/","logo":{"@type":"ImageObject","inLanguage":"zh-Hans","@id":"https:\/\/www.chateau-ducru-beaucaillou.com\/zh-hans\/#\/schema\/logo\/image\/","url":"https:\/\/www.chateau-ducru-beaucaillou.com\/wp-content\/uploads\/2025\/11\/logo-Ducru-Beaucaillou-orange-complet.svg","contentUrl":"https:\/\/www.chateau-ducru-beaucaillou.com\/wp-content\/uploads\/2025\/11\/logo-Ducru-Beaucaillou-orange-complet.svg","width":480,"height":384,"caption":"Ch\u00e2teau Ducru-Beaucaillou"},"image":{"@id":"https:\/\/www.chateau-ducru-beaucaillou.com\/zh-hans\/#\/schema\/logo\/image\/"}}]}},"_links":{"self":[{"href":"https:\/\/www.chateau-ducru-beaucaillou.com\/zh-hans\/wp-json\/wp\/v2\/pages\/2766","targetHints":{"allow":["GET"]}}],"collection":[{"href":"https:\/\/www.chateau-ducru-beaucaillou.com\/zh-hans\/wp-json\/wp\/v2\/pages"}],"about":[{"href":"https:\/\/www.chateau-ducru-beaucaillou.com\/zh-hans\/wp-json\/wp\/v2\/types\/page"}],"author":[{"embeddable":true,"href":"https:\/\/www.chateau-ducru-beaucaillou.com\/zh-hans\/wp-json\/wp\/v2\/users\/1"}],"replies":[{"embeddable":true,"href":"https:\/\/www.chateau-ducru-beaucaillou.com\/zh-hans\/wp-json\/wp\/v2\/comments?post=2766"}],"version-history":[{"count":4,"href":"https:\/\/www.chateau-ducru-beaucaillou.com\/zh-hans\/wp-json\/wp\/v2\/pages\/2766\/revisions"}],"predecessor-version":[{"id":3650,"href":"https:\/\/www.chateau-ducru-beaucaillou.com\/zh-hans\/wp-json\/wp\/v2\/pages\/2766\/revisions\/3650"}],"wp:attachment":[{"href":"https:\/\/www.chateau-ducru-beaucaillou.com\/zh-hans\/wp-json\/wp\/v2\/media?parent=2766"}],"curies":[{"name":"wp","href":"https:\/\/api.w.org\/{rel}","templated":true}]}}