{"id":2693,"date":"2025-11-26T16:29:52","date_gmt":"2025-11-26T15:29:52","guid":{"rendered":"https:\/\/www.chateau-ducru-beaucaillou.com\/?page_id=2693"},"modified":"2026-01-06T11:06:47","modified_gmt":"2026-01-06T10:06:47","slug":"le-petit-ducru-de-ducru-beaucaillou","status":"publish","type":"page","link":"https:\/\/www.chateau-ducru-beaucaillou.com\/en\/le-petit-ducru-de-ducru-beaucaillou\/","title":{"rendered":"Le petit Ducru de Ducru-Beaucaillou"},"content":{"rendered":"\t\t<div data-elementor-type=\"wp-page\" data-elementor-id=\"2693\" class=\"elementor elementor-2693 elementor-1137\" data-elementor-post-type=\"page\">\n\t\t\t\t<div class=\"elementor-element elementor-element-b02a205 e-flex e-con-boxed wpr-particle-no wpr-jarallax-no wpr-parallax-no wpr-sticky-section-no e-con e-parent\" data-id=\"b02a205\" data-element_type=\"container\">\n\t\t\t\t\t<div class=\"e-con-inner\">\n\t\t\t\t<div class=\"elementor-element elementor-element-6bcde41 elementor-widget elementor-widget-heading\" data-id=\"6bcde41\" data-element_type=\"widget\" data-widget_type=\"heading.default\">\n\t\t\t\t<div class=\"elementor-widget-container\">\n\t\t\t\t\t<h1 class=\"elementor-heading-title elementor-size-default\">Le petit Ducru de<br \/>Ducru-Beaucaillou<\/h1>\t\t\t\t<\/div>\n\t\t\t\t<\/div>\n\t\t\t\t\t<\/div>\n\t\t\t\t<\/div>\n\t\t<div class=\"elementor-element elementor-element-3e060fa e-flex e-con-boxed wpr-particle-no wpr-jarallax-no wpr-parallax-no wpr-sticky-section-no e-con e-parent\" data-id=\"3e060fa\" data-element_type=\"container\">\n\t\t\t\t\t<div class=\"e-con-inner\">\n\t\t<div class=\"elementor-element elementor-element-437ee5f e-con-full e-flex wpr-particle-no wpr-jarallax-no wpr-parallax-no wpr-sticky-section-no e-con e-child\" data-id=\"437ee5f\" data-element_type=\"container\">\n\t\t\t\t<div class=\"elementor-element elementor-element-7397dc1 blocLettrine elementor-widget elementor-widget-text-editor\" data-id=\"7397dc1\" data-element_type=\"widget\" data-widget_type=\"text-editor.default\">\n\t\t\t\t<div class=\"elementor-widget-container\">\n\t\t\t\t\t\t\t\t\t<p>This newcomer is a selection derived from our St-Julien vineyards. An affectionate and informative name that already tells wine lovers something about its positioning and its ambitions.<\/p>\t\t\t\t\t\t\t\t<\/div>\n\t\t\t\t<\/div>\n\t\t\t\t<div class=\"elementor-element elementor-element-58d600d elementor-widget elementor-widget-text-editor\" data-id=\"58d600d\" data-element_type=\"widget\" data-widget_type=\"text-editor.default\">\n\t\t\t\t<div class=\"elementor-widget-container\">\n\t\t\t\t\t\t\t\t\t<p>Le Petit Ducru portends an introduction to the Borie signature, a courteous invitation to approach the qualities of its elders, Ducru-Beaucaillou and La Croix Ducru-Beaucaillou; from its complexity to its structure, by way of its balance and its elegance. There is, of course, a family resemblance, a wonderful complicity between the three nectars. They know what they have in common: a rigorous technical process, drastic selection, demanding winemaking. A Cabernet-Merlot blend and depending on the vintage, sometimes with a hint of Petit Verdot, varietal that we know to be a skillful sculptor.<\/p>\t\t\t\t\t\t\t\t<\/div>\n\t\t\t\t<\/div>\n\t\t\t\t<div class=\"elementor-element elementor-element-2a583e0 wpr-advanced-accordion-icon-side-box elementor-widget elementor-widget-wpr-advanced-accordion\" data-id=\"2a583e0\" data-element_type=\"widget\" data-settings=\"{&quot;active_item&quot;:0}\" data-widget_type=\"wpr-advanced-accordion.default\">\n\t\t\t\t<div class=\"elementor-widget-container\">\n\t\t\t\t\t\n            <div class=\"wpr-advanced-accordion\" data-accordion-type=\"accordion\" data-active-index=\"0\" data-accordion-trigger=\"click\" data-interaction-speed=\"0.4\">\n\n\t\t\t\n                \n\t\t\t\t\t<div class=\"wpr-accordion-item-wrap\">\n\t\t\t\t\t\t<button class=\"wpr-acc-button\">\n\t\t\t\t\t\t\t<span class=\"wpr-acc-item-title\">\n\t\t\t\t\t\t\t\t\t\t\t\t\t\t\t\t\t<div class=\"wpr-acc-icon-box\">\n\t\t\t\t\t\t\t\t\t\t\t\t\t\t<span class=\"wpr-toggle-icon wpr-ti-close\"><i aria-hidden=\"true\" class=\"fas fa-plus\"><\/i><\/span>\n\t\t\t\t<span class=\"wpr-toggle-icon wpr-ti-open\"><i aria-hidden=\"true\" class=\"fas fa-minus\"><\/i><\/span>\n\t\t\t\t\t\t\t\t\t\t\t\t<\/div>\n\t\t\t\t\t\t\t\t\n\t\t\t\t\t\t\t\t<span class=\"wpr-acc-title-text\">See more<\/span>\n\t\t\t\t\t\t\t<\/span>\n\t\t\t\t\t\t\t\t\t\t\t<span class=\"wpr-title-icon\">\n\t\t\t\t\t\t\t\t\t<\/span>\n\t\t\t\t\t\t\t\t\t<\/button>\n\n\t\t\t\t\t\t<div class=\"wpr-acc-panel\">\n\t\t\t\t\t\t\t\t\t\t\t\t\t\t\t<div class=\"wpr-acc-panel-content\"><p>A nod also to the history of the estate, specifically to one of the former owners, Bertrand Ducru (1770-1829), a brilliant and worldly merchant from the Bearn region of France, situated along the flanks of the western Pyrenees mountains. Powerful and well established, he bought the property in 1797 (16 Vend\u00e9miaire, year 6) and added his surname to that of the site, which then became \u201cDucru-Beaucaillou\u201d. He hired the architect, Paul Abadie, graduate of the acclaimed Ecole des Beaux-Arts de Paris, to enhance the elegant Directory-period chartreuse. But above all, he invested heavily in the vineyards and the cellar. The wines quickly rose to the summit of the appellation and Ducru-Beaucaillou obtained unanimous recognition from the Place de Bordeaux, which later consecrated it with a place in the 1855 classification.<\/p><p>Le Petit Ducru is a wine of balance and harmony. An elixir of youth. It is there, alive and well, a rendezvous with pleasure. Accessible from its earliest youth, uninhibited in its Chaplinesque antics. It will make for a happy dining companion in restaurants. It will make for a perfect marriage with poultry where it will bow down before its crispy, brown skin and envelop the steaming flesh with its tannins.<\/p><p>Le Petit Ducru tastes of Sundays. Above all, it tastes of friendship.<\/p><\/div>\n\t\t\t\t\t\t\t\t\t\t\t\t\t<\/div>\n                    <\/div>\n\n                            <\/div>\n        \t\t\t\t<\/div>\n\t\t\t\t<\/div>\n\t\t\t\t<\/div>\n\t\t<div class=\"elementor-element elementor-element-b560718 e-con-full e-flex wpr-particle-no wpr-jarallax-no wpr-parallax-no wpr-sticky-section-no e-con e-child\" data-id=\"b560718\" data-element_type=\"container\">\n\t\t\t\t<div class=\"elementor-element elementor-element-bbdd404 elementor-widget elementor-widget-image\" data-id=\"bbdd404\" data-element_type=\"widget\" data-widget_type=\"image.default\">\n\t\t\t\t<div class=\"elementor-widget-container\">\n\t\t\t\t\t\t\t\t\t\t\t\t\t\t\t<img fetchpriority=\"high\" decoding=\"async\" width=\"180\" height=\"727\" src=\"https:\/\/www.chateau-ducru-beaucaillou.com\/wp-content\/uploads\/2025\/12\/le-petit-ducru_2-e1764666736544.png\" class=\"attachment-full size-full wp-image-2692\" alt=\"\" srcset=\"https:\/\/www.chateau-ducru-beaucaillou.com\/wp-content\/uploads\/2025\/12\/le-petit-ducru_2-e1764666736544.png 180w, https:\/\/www.chateau-ducru-beaucaillou.com\/wp-content\/uploads\/2025\/12\/le-petit-ducru_2-e1764666736544-74x300.png 74w\" sizes=\"(max-width: 180px) 100vw, 180px\" \/>\t\t\t\t\t\t\t\t\t\t\t\t\t\t\t<\/div>\n\t\t\t\t<\/div>\n\t\t\t\t<div class=\"elementor-element elementor-element-acecc54 elementor-widget elementor-widget-text-editor\" data-id=\"acecc54\" data-element_type=\"widget\" data-widget_type=\"text-editor.default\">\n\t\t\t\t<div class=\"elementor-widget-container\">\n\t\t\t\t\t\t\t\t\t<p>Le Petit Ducru tastes of Sundays. Above all,<br \/>it tastes of friendship.<\/p>\t\t\t\t\t\t\t\t<\/div>\n\t\t\t\t<\/div>\n\t\t\t\t<div class=\"elementor-element elementor-element-0d420a3 elementor-align-center elementor-widget elementor-widget-button\" data-id=\"0d420a3\" data-element_type=\"widget\" data-widget_type=\"button.default\">\n\t\t\t\t<div class=\"elementor-widget-container\">\n\t\t\t\t\t\t\t\t\t<div class=\"elementor-button-wrapper\">\n\t\t\t\t\t<a class=\"elementor-button elementor-button-link elementor-size-sm\" href=\"https:\/\/www.chateau-ducru-beaucaillou.com\/en\/ft_petit_ducru_mill_2022_gb2_1\/\" target=\"_blank\">\n\t\t\t\t\t\t<span class=\"elementor-button-content-wrapper\">\n\t\t\t\t\t\t\t\t\t<span class=\"elementor-button-text\">INFORMATION ABOUT 2022 VINTAGE<\/span>\n\t\t\t\t\t<\/span>\n\t\t\t\t\t<\/a>\n\t\t\t\t<\/div>\n\t\t\t\t\t\t\t\t<\/div>\n\t\t\t\t<\/div>\n\t\t\t\t<\/div>\n\t\t\t\t\t<\/div>\n\t\t\t\t<\/div>\n\t\t<div class=\"elementor-element elementor-element-3ca3b1a e-flex e-con-boxed wpr-particle-no wpr-jarallax-no wpr-parallax-no wpr-sticky-section-no e-con e-parent\" data-id=\"3ca3b1a\" data-element_type=\"container\">\n\t\t\t\t\t<div class=\"e-con-inner\">\n\t\t<div class=\"elementor-element elementor-element-1792d99 e-con-full e-flex wpr-particle-no wpr-jarallax-no wpr-parallax-no wpr-sticky-section-no e-con e-child\" data-id=\"1792d99\" data-element_type=\"container\" data-settings=\"{&quot;background_background&quot;:&quot;classic&quot;}\">\n\t\t\t\t<div class=\"elementor-element elementor-element-cc0507c elementor-widget elementor-widget-video\" data-id=\"cc0507c\" data-element_type=\"widget\" data-settings=\"{&quot;youtube_url&quot;:&quot;https:\\\/\\\/www.youtube.com\\\/watch?v=ll8nm8JM0W0&amp;t=6s&quot;,&quot;video_type&quot;:&quot;youtube&quot;,&quot;controls&quot;:&quot;yes&quot;}\" data-widget_type=\"video.default\">\n\t\t\t\t<div class=\"elementor-widget-container\">\n\t\t\t\t\t\t\t<div class=\"elementor-wrapper elementor-open-inline\">\n\t\t\t<div class=\"elementor-video\"><\/div>\t\t<\/div>\n\t\t\t\t\t\t<\/div>\n\t\t\t\t<\/div>\n\t\t\t\t<\/div>\n\t\t\t\t\t<\/div>\n\t\t\t\t<\/div>\n\t\t\t\t<\/div>\n\t\t","protected":false},"excerpt":{"rendered":"<p>Le petit Ducru deDucru-Beaucaillou This newcomer is a selection derived from our St-Julien vineyards. An affectionate and informative name that already tells wine lovers something about its positioning and its ambitions. Le Petit Ducru portends an introduction to the Borie signature, a courteous invitation to approach the qualities of its elders, Ducru-Beaucaillou and La Croix Ducru-Beaucaillou; from its complexity to its structure, by way of its balance and its elegance. There is, of course, a family resemblance, a wonderful complicity between the three nectars. They know what they have in common: a rigorous technical process, drastic selection, demanding winemaking. A Cabernet-Merlot blend and depending on the vintage, sometimes with a hint of Petit Verdot, varietal that we know to be a skillful sculptor. See more A nod also to the history of the estate, specifically to one of the former owners, Bertrand Ducru (1770-1829), a brilliant and worldly merchant from the Bearn region of France, situated along the flanks of the western Pyrenees mountains. Powerful and well established, he bought the property in 1797 (16 Vend\u00e9miaire, year 6) and added his surname to that of the site, which then became \u201cDucru-Beaucaillou\u201d. He hired the architect, Paul Abadie, graduate of the acclaimed Ecole des Beaux-Arts de Paris, to enhance the elegant Directory-period chartreuse. But above all, he invested heavily in the vineyards and the cellar. The wines quickly rose to the summit of the appellation and Ducru-Beaucaillou obtained unanimous recognition from the Place de Bordeaux, which later consecrated it with a place in the 1855 classification. Le Petit Ducru is a wine of balance and harmony. An elixir of youth. It is there, alive and well, a rendezvous with pleasure. Accessible from its earliest youth, uninhibited in its Chaplinesque antics. It will make for a happy dining companion in restaurants. It will make for a perfect marriage with poultry where it will bow down before its crispy, brown skin and envelop the steaming flesh with its tannins. Le Petit Ducru tastes of Sundays. Above all, it tastes of friendship. Le Petit Ducru tastes of Sundays. Above all,it tastes of friendship. INFORMATION ABOUT 2022 VINTAGE<\/p>\n","protected":false},"author":1,"featured_media":0,"parent":0,"menu_order":0,"comment_status":"closed","ping_status":"closed","template":"","meta":{"footnotes":""},"class_list":["post-2693","page","type-page","status-publish","hentry"],"yoast_head":"<!-- This site is optimized with the Yoast SEO plugin v26.8 - https:\/\/yoast.com\/product\/yoast-seo-wordpress\/ -->\n<title>Le petit Ducru de Ducru-Beaucaillou | Ch\u00e2teau Ducru-Beaucaillou<\/title>\n<meta name=\"description\" content=\"Official website of Ch\u00e2teau Ducru-Beaucaillou, Grand Cru Class\u00e9 Saint-Julien, M\u00e9doc, Bordeaux, property of Ducru Beaucaillou SA.\" \/>\n<meta name=\"robots\" content=\"index, follow, max-snippet:-1, max-image-preview:large, max-video-preview:-1\" \/>\n<link rel=\"canonical\" href=\"https:\/\/www.chateau-ducru-beaucaillou.com\/en\/le-petit-ducru-de-ducru-beaucaillou\/\" \/>\n<meta property=\"og:locale\" content=\"en_US\" \/>\n<meta property=\"og:type\" content=\"article\" \/>\n<meta property=\"og:title\" content=\"Le petit Ducru de Ducru-Beaucaillou | Ch\u00e2teau Ducru-Beaucaillou\" \/>\n<meta property=\"og:description\" content=\"Official website of Ch\u00e2teau Ducru-Beaucaillou, Grand Cru Class\u00e9 Saint-Julien, M\u00e9doc, Bordeaux, property of Ducru Beaucaillou SA.\" \/>\n<meta property=\"og:url\" content=\"https:\/\/www.chateau-ducru-beaucaillou.com\/en\/le-petit-ducru-de-ducru-beaucaillou\/\" \/>\n<meta property=\"og:site_name\" content=\"Ch\u00e2teau Ducru-Beaucaillou\" \/>\n<meta property=\"article:modified_time\" content=\"2026-01-06T10:06:47+00:00\" \/>\n<meta property=\"og:image\" content=\"https:\/\/www.chateau-ducru-beaucaillou.com\/wp-content\/uploads\/2025\/12\/le-petit-ducru_2-e1764666736544.png\" \/>\n\t<meta property=\"og:image:width\" content=\"180\" \/>\n\t<meta property=\"og:image:height\" content=\"727\" \/>\n\t<meta property=\"og:image:type\" content=\"image\/png\" \/>\n<meta name=\"twitter:card\" content=\"summary_large_image\" \/>\n<meta name=\"twitter:label1\" content=\"Est. reading time\" \/>\n\t<meta name=\"twitter:data1\" content=\"2 minutes\" \/>\n<script type=\"application\/ld+json\" class=\"yoast-schema-graph\">{\"@context\":\"https:\/\/schema.org\",\"@graph\":[{\"@type\":\"WebPage\",\"@id\":\"https:\/\/www.chateau-ducru-beaucaillou.com\/en\/le-petit-ducru-de-ducru-beaucaillou\/\",\"url\":\"https:\/\/www.chateau-ducru-beaucaillou.com\/en\/le-petit-ducru-de-ducru-beaucaillou\/\",\"name\":\"Le petit Ducru de Ducru-Beaucaillou | Ch\u00e2teau Ducru-Beaucaillou\",\"isPartOf\":{\"@id\":\"https:\/\/www.chateau-ducru-beaucaillou.com\/en\/#website\"},\"primaryImageOfPage\":{\"@id\":\"https:\/\/www.chateau-ducru-beaucaillou.com\/en\/le-petit-ducru-de-ducru-beaucaillou\/#primaryimage\"},\"image\":{\"@id\":\"https:\/\/www.chateau-ducru-beaucaillou.com\/en\/le-petit-ducru-de-ducru-beaucaillou\/#primaryimage\"},\"thumbnailUrl\":\"https:\/\/www.chateau-ducru-beaucaillou.com\/wp-content\/uploads\/2025\/12\/le-petit-ducru_2-e1764666736544.png\",\"datePublished\":\"2025-11-26T15:29:52+00:00\",\"dateModified\":\"2026-01-06T10:06:47+00:00\",\"description\":\"Official website of Ch\u00e2teau Ducru-Beaucaillou, Grand Cru Class\u00e9 Saint-Julien, M\u00e9doc, Bordeaux, property of Ducru Beaucaillou SA.\",\"breadcrumb\":{\"@id\":\"https:\/\/www.chateau-ducru-beaucaillou.com\/en\/le-petit-ducru-de-ducru-beaucaillou\/#breadcrumb\"},\"inLanguage\":\"en-US\",\"potentialAction\":[{\"@type\":\"ReadAction\",\"target\":[\"https:\/\/www.chateau-ducru-beaucaillou.com\/en\/le-petit-ducru-de-ducru-beaucaillou\/\"]}]},{\"@type\":\"ImageObject\",\"inLanguage\":\"en-US\",\"@id\":\"https:\/\/www.chateau-ducru-beaucaillou.com\/en\/le-petit-ducru-de-ducru-beaucaillou\/#primaryimage\",\"url\":\"https:\/\/www.chateau-ducru-beaucaillou.com\/wp-content\/uploads\/2025\/12\/le-petit-ducru_2-e1764666736544.png\",\"contentUrl\":\"https:\/\/www.chateau-ducru-beaucaillou.com\/wp-content\/uploads\/2025\/12\/le-petit-ducru_2-e1764666736544.png\"},{\"@type\":\"BreadcrumbList\",\"@id\":\"https:\/\/www.chateau-ducru-beaucaillou.com\/en\/le-petit-ducru-de-ducru-beaucaillou\/#breadcrumb\",\"itemListElement\":[{\"@type\":\"ListItem\",\"position\":1,\"name\":\"Accueil\",\"item\":\"https:\/\/www.chateau-ducru-beaucaillou.com\/en\/\"},{\"@type\":\"ListItem\",\"position\":2,\"name\":\"Le petit Ducru de Ducru-Beaucaillou\"}]},{\"@type\":\"WebSite\",\"@id\":\"https:\/\/www.chateau-ducru-beaucaillou.com\/en\/#website\",\"url\":\"https:\/\/www.chateau-ducru-beaucaillou.com\/en\/\",\"name\":\"Ch\u00e2teau Ducru-Beaucaillou\",\"description\":\"\",\"publisher\":{\"@id\":\"https:\/\/www.chateau-ducru-beaucaillou.com\/en\/#organization\"},\"potentialAction\":[{\"@type\":\"SearchAction\",\"target\":{\"@type\":\"EntryPoint\",\"urlTemplate\":\"https:\/\/www.chateau-ducru-beaucaillou.com\/en\/?s={search_term_string}\"},\"query-input\":{\"@type\":\"PropertyValueSpecification\",\"valueRequired\":true,\"valueName\":\"search_term_string\"}}],\"inLanguage\":\"en-US\"},{\"@type\":\"Organization\",\"@id\":\"https:\/\/www.chateau-ducru-beaucaillou.com\/en\/#organization\",\"name\":\"Ch\u00e2teau Ducru-Beaucaillou\",\"url\":\"https:\/\/www.chateau-ducru-beaucaillou.com\/en\/\",\"logo\":{\"@type\":\"ImageObject\",\"inLanguage\":\"en-US\",\"@id\":\"https:\/\/www.chateau-ducru-beaucaillou.com\/en\/#\/schema\/logo\/image\/\",\"url\":\"https:\/\/www.chateau-ducru-beaucaillou.com\/wp-content\/uploads\/2025\/11\/logo-Ducru-Beaucaillou-orange-complet.svg\",\"contentUrl\":\"https:\/\/www.chateau-ducru-beaucaillou.com\/wp-content\/uploads\/2025\/11\/logo-Ducru-Beaucaillou-orange-complet.svg\",\"width\":480,\"height\":384,\"caption\":\"Ch\u00e2teau Ducru-Beaucaillou\"},\"image\":{\"@id\":\"https:\/\/www.chateau-ducru-beaucaillou.com\/en\/#\/schema\/logo\/image\/\"}}]}<\/script>\n<!-- \/ Yoast SEO plugin. -->","yoast_head_json":{"title":"Le petit Ducru de Ducru-Beaucaillou | Ch\u00e2teau Ducru-Beaucaillou","description":"Official website of Ch\u00e2teau Ducru-Beaucaillou, Grand Cru Class\u00e9 Saint-Julien, M\u00e9doc, Bordeaux, property of Ducru Beaucaillou SA.","robots":{"index":"index","follow":"follow","max-snippet":"max-snippet:-1","max-image-preview":"max-image-preview:large","max-video-preview":"max-video-preview:-1"},"canonical":"https:\/\/www.chateau-ducru-beaucaillou.com\/en\/le-petit-ducru-de-ducru-beaucaillou\/","og_locale":"en_US","og_type":"article","og_title":"Le petit Ducru de Ducru-Beaucaillou | Ch\u00e2teau Ducru-Beaucaillou","og_description":"Official website of Ch\u00e2teau Ducru-Beaucaillou, Grand Cru Class\u00e9 Saint-Julien, M\u00e9doc, Bordeaux, property of Ducru Beaucaillou SA.","og_url":"https:\/\/www.chateau-ducru-beaucaillou.com\/en\/le-petit-ducru-de-ducru-beaucaillou\/","og_site_name":"Ch\u00e2teau Ducru-Beaucaillou","article_modified_time":"2026-01-06T10:06:47+00:00","og_image":[{"width":180,"height":727,"url":"https:\/\/www.chateau-ducru-beaucaillou.com\/wp-content\/uploads\/2025\/12\/le-petit-ducru_2-e1764666736544.png","type":"image\/png"}],"twitter_card":"summary_large_image","twitter_misc":{"Est. reading time":"2 minutes"},"schema":{"@context":"https:\/\/schema.org","@graph":[{"@type":"WebPage","@id":"https:\/\/www.chateau-ducru-beaucaillou.com\/en\/le-petit-ducru-de-ducru-beaucaillou\/","url":"https:\/\/www.chateau-ducru-beaucaillou.com\/en\/le-petit-ducru-de-ducru-beaucaillou\/","name":"Le petit Ducru de Ducru-Beaucaillou | Ch\u00e2teau Ducru-Beaucaillou","isPartOf":{"@id":"https:\/\/www.chateau-ducru-beaucaillou.com\/en\/#website"},"primaryImageOfPage":{"@id":"https:\/\/www.chateau-ducru-beaucaillou.com\/en\/le-petit-ducru-de-ducru-beaucaillou\/#primaryimage"},"image":{"@id":"https:\/\/www.chateau-ducru-beaucaillou.com\/en\/le-petit-ducru-de-ducru-beaucaillou\/#primaryimage"},"thumbnailUrl":"https:\/\/www.chateau-ducru-beaucaillou.com\/wp-content\/uploads\/2025\/12\/le-petit-ducru_2-e1764666736544.png","datePublished":"2025-11-26T15:29:52+00:00","dateModified":"2026-01-06T10:06:47+00:00","description":"Official website of Ch\u00e2teau Ducru-Beaucaillou, Grand Cru Class\u00e9 Saint-Julien, M\u00e9doc, Bordeaux, property of Ducru Beaucaillou SA.","breadcrumb":{"@id":"https:\/\/www.chateau-ducru-beaucaillou.com\/en\/le-petit-ducru-de-ducru-beaucaillou\/#breadcrumb"},"inLanguage":"en-US","potentialAction":[{"@type":"ReadAction","target":["https:\/\/www.chateau-ducru-beaucaillou.com\/en\/le-petit-ducru-de-ducru-beaucaillou\/"]}]},{"@type":"ImageObject","inLanguage":"en-US","@id":"https:\/\/www.chateau-ducru-beaucaillou.com\/en\/le-petit-ducru-de-ducru-beaucaillou\/#primaryimage","url":"https:\/\/www.chateau-ducru-beaucaillou.com\/wp-content\/uploads\/2025\/12\/le-petit-ducru_2-e1764666736544.png","contentUrl":"https:\/\/www.chateau-ducru-beaucaillou.com\/wp-content\/uploads\/2025\/12\/le-petit-ducru_2-e1764666736544.png"},{"@type":"BreadcrumbList","@id":"https:\/\/www.chateau-ducru-beaucaillou.com\/en\/le-petit-ducru-de-ducru-beaucaillou\/#breadcrumb","itemListElement":[{"@type":"ListItem","position":1,"name":"Accueil","item":"https:\/\/www.chateau-ducru-beaucaillou.com\/en\/"},{"@type":"ListItem","position":2,"name":"Le petit Ducru de Ducru-Beaucaillou"}]},{"@type":"WebSite","@id":"https:\/\/www.chateau-ducru-beaucaillou.com\/en\/#website","url":"https:\/\/www.chateau-ducru-beaucaillou.com\/en\/","name":"Ch\u00e2teau Ducru-Beaucaillou","description":"","publisher":{"@id":"https:\/\/www.chateau-ducru-beaucaillou.com\/en\/#organization"},"potentialAction":[{"@type":"SearchAction","target":{"@type":"EntryPoint","urlTemplate":"https:\/\/www.chateau-ducru-beaucaillou.com\/en\/?s={search_term_string}"},"query-input":{"@type":"PropertyValueSpecification","valueRequired":true,"valueName":"search_term_string"}}],"inLanguage":"en-US"},{"@type":"Organization","@id":"https:\/\/www.chateau-ducru-beaucaillou.com\/en\/#organization","name":"Ch\u00e2teau Ducru-Beaucaillou","url":"https:\/\/www.chateau-ducru-beaucaillou.com\/en\/","logo":{"@type":"ImageObject","inLanguage":"en-US","@id":"https:\/\/www.chateau-ducru-beaucaillou.com\/en\/#\/schema\/logo\/image\/","url":"https:\/\/www.chateau-ducru-beaucaillou.com\/wp-content\/uploads\/2025\/11\/logo-Ducru-Beaucaillou-orange-complet.svg","contentUrl":"https:\/\/www.chateau-ducru-beaucaillou.com\/wp-content\/uploads\/2025\/11\/logo-Ducru-Beaucaillou-orange-complet.svg","width":480,"height":384,"caption":"Ch\u00e2teau Ducru-Beaucaillou"},"image":{"@id":"https:\/\/www.chateau-ducru-beaucaillou.com\/en\/#\/schema\/logo\/image\/"}}]}},"_links":{"self":[{"href":"https:\/\/www.chateau-ducru-beaucaillou.com\/en\/wp-json\/wp\/v2\/pages\/2693","targetHints":{"allow":["GET"]}}],"collection":[{"href":"https:\/\/www.chateau-ducru-beaucaillou.com\/en\/wp-json\/wp\/v2\/pages"}],"about":[{"href":"https:\/\/www.chateau-ducru-beaucaillou.com\/en\/wp-json\/wp\/v2\/types\/page"}],"author":[{"embeddable":true,"href":"https:\/\/www.chateau-ducru-beaucaillou.com\/en\/wp-json\/wp\/v2\/users\/1"}],"replies":[{"embeddable":true,"href":"https:\/\/www.chateau-ducru-beaucaillou.com\/en\/wp-json\/wp\/v2\/comments?post=2693"}],"version-history":[{"count":19,"href":"https:\/\/www.chateau-ducru-beaucaillou.com\/en\/wp-json\/wp\/v2\/pages\/2693\/revisions"}],"predecessor-version":[{"id":3675,"href":"https:\/\/www.chateau-ducru-beaucaillou.com\/en\/wp-json\/wp\/v2\/pages\/2693\/revisions\/3675"}],"wp:attachment":[{"href":"https:\/\/www.chateau-ducru-beaucaillou.com\/en\/wp-json\/wp\/v2\/media?parent=2693"}],"curies":[{"name":"wp","href":"https:\/\/api.w.org\/{rel}","templated":true}]}}