{"id":2677,"date":"2025-11-26T16:29:28","date_gmt":"2025-11-26T15:29:28","guid":{"rendered":"https:\/\/www.chateau-ducru-beaucaillou.com\/?page_id=2677"},"modified":"2026-01-06T11:05:56","modified_gmt":"2026-01-06T10:05:56","slug":"la-croix-ducru-beaucaillou","status":"publish","type":"page","link":"https:\/\/www.chateau-ducru-beaucaillou.com\/en\/la-croix-ducru-beaucaillou\/","title":{"rendered":"La Croix Ducru-Beaucaillou"},"content":{"rendered":"\t\t<div data-elementor-type=\"wp-page\" data-elementor-id=\"2677\" class=\"elementor elementor-2677 elementor-1135\" data-elementor-post-type=\"page\">\n\t\t\t\t<div class=\"elementor-element elementor-element-ced0fcb e-flex e-con-boxed wpr-particle-no wpr-jarallax-no wpr-parallax-no wpr-sticky-section-no e-con e-parent\" data-id=\"ced0fcb\" data-element_type=\"container\">\n\t\t\t\t\t<div class=\"e-con-inner\">\n\t\t\t\t<div class=\"elementor-element elementor-element-2670862 elementor-widget elementor-widget-heading\" data-id=\"2670862\" data-element_type=\"widget\" data-widget_type=\"heading.default\">\n\t\t\t\t<div class=\"elementor-widget-container\">\n\t\t\t\t\t<h1 class=\"elementor-heading-title elementor-size-default\">La croix<br \/>Ducru-Beaucaillou<\/h1>\t\t\t\t<\/div>\n\t\t\t\t<\/div>\n\t\t\t\t\t<\/div>\n\t\t\t\t<\/div>\n\t\t<div class=\"elementor-element elementor-element-47daa26 e-flex e-con-boxed wpr-particle-no wpr-jarallax-no wpr-parallax-no wpr-sticky-section-no e-con e-parent\" data-id=\"47daa26\" data-element_type=\"container\">\n\t\t\t\t\t<div class=\"e-con-inner\">\n\t\t<div class=\"elementor-element elementor-element-89522f3 e-con-full e-flex wpr-particle-no wpr-jarallax-no wpr-parallax-no wpr-sticky-section-no e-con e-child\" data-id=\"89522f3\" data-element_type=\"container\">\n\t\t\t\t<div class=\"elementor-element elementor-element-cfd0780 blocLettrine elementor-widget elementor-widget-text-editor\" data-id=\"cfd0780\" data-element_type=\"widget\" data-widget_type=\"text-editor.default\">\n\t\t\t\t<div class=\"elementor-widget-container\">\n\t\t\t\t\t\t\t\t\t<p>The wines of La Croix Ducru-Beaucaillou come from the vineyard of Ch\u00e2teau Ducru-Beaucaillou. This exceptional M\u00e9doc terroir is situated between the Gironde River to the east, the centre and the west of the Saint-Julien appellation. The estate owes its name to its \u201cbeautiful pebbles\u201d (&#8220;beaux cailloux&#8221;, in French) which, because of their high quartz content, make for soils that are poor in plant nutrients.\u00a0<\/p>\t\t\t\t\t\t\t\t<\/div>\n\t\t\t\t<\/div>\n\t\t\t\t<div class=\"elementor-element elementor-element-b96571f elementor-widget elementor-widget-text-editor\" data-id=\"b96571f\" data-element_type=\"widget\" data-widget_type=\"text-editor.default\">\n\t\t\t\t<div class=\"elementor-widget-container\">\n\t\t\t\t\t\t\t\t\t<p>It is precisely this \u201cagrological\u201d paucity, as the late Bordeaux professor and geographer, Ren\u00e9 Pijassou, described it, that makes them so well-suited to the production of fine wine. In the east, the plots are planted along the rolling M\u00e9doc ridges, just above the estuary, while those at the epicentre benefit from a microclimate nurtured by the little La Mouline stream that meanders through the middle of the appellation from west to east before disappearing into the Gironde.<\/p>\t\t\t\t\t\t\t\t<\/div>\n\t\t\t\t<\/div>\n\t\t\t\t<div class=\"elementor-element elementor-element-dde6a95 wpr-advanced-accordion-icon-side-box elementor-widget elementor-widget-wpr-advanced-accordion\" data-id=\"dde6a95\" data-element_type=\"widget\" data-settings=\"{&quot;active_item&quot;:0}\" data-widget_type=\"wpr-advanced-accordion.default\">\n\t\t\t\t<div class=\"elementor-widget-container\">\n\t\t\t\t\t\n            <div class=\"wpr-advanced-accordion\" data-accordion-type=\"accordion\" data-active-index=\"0\" data-accordion-trigger=\"click\" data-interaction-speed=\"0.4\">\n\n\t\t\t\n                \n\t\t\t\t\t<div class=\"wpr-accordion-item-wrap\">\n\t\t\t\t\t\t<button class=\"wpr-acc-button\">\n\t\t\t\t\t\t\t<span class=\"wpr-acc-item-title\">\n\t\t\t\t\t\t\t\t\t\t\t\t\t\t\t\t\t<div class=\"wpr-acc-icon-box\">\n\t\t\t\t\t\t\t\t\t\t\t\t\t\t<span class=\"wpr-toggle-icon wpr-ti-close\"><i aria-hidden=\"true\" class=\"fas fa-plus\"><\/i><\/span>\n\t\t\t\t<span class=\"wpr-toggle-icon wpr-ti-open\"><i aria-hidden=\"true\" class=\"fas fa-minus\"><\/i><\/span>\n\t\t\t\t\t\t\t\t\t\t\t\t<\/div>\n\t\t\t\t\t\t\t\t\n\t\t\t\t\t\t\t\t<span class=\"wpr-acc-title-text\">See more<\/span>\n\t\t\t\t\t\t\t<\/span>\n\t\t\t\t\t\t\t\t\t\t\t<span class=\"wpr-title-icon\">\n\t\t\t\t\t\t\t\t\t<\/span>\n\t\t\t\t\t\t\t\t\t<\/button>\n\n\t\t\t\t\t\t<div class=\"wpr-acc-panel\">\n\t\t\t\t\t\t\t\t\t\t\t\t\t\t\t<div class=\"wpr-acc-panel-content\">La Croix Ducru-Beaucaillou is an original expression of the terroirs of Ducru-Beaucaillou, a blend that is one of a kind. Ducru-Beaucaillou\u2019s elitist approach is fully at work here. As is a passion, that of a team dedicated to excellence.\n\n<p>A high-flying wine that perfectly expresses its terroir of exception. This wine blends a high proportion of Cabernet Sauvignon (around 60% each year), completed with Merlot Noir (35% to 37%) as well as a subtly spicy touch of Petit Verdot (3% to 5%).<\/p>\n\n<p>Powerful, silky, very aromatic, La Croix Ducru-Beaucaillou beguiles with its bouquet, its balance, its remarkable finesse and its lengthy finish. A great cuv\u00e9e that stimulates, then captivates the senses; it is the perfect introduction to the Borie signature.<\/p><\/div>\n\t\t\t\t\t\t\t\t\t\t\t\t\t<\/div>\n                    <\/div>\n\n                            <\/div>\n        \t\t\t\t<\/div>\n\t\t\t\t<\/div>\n\t\t\t\t<\/div>\n\t\t<div class=\"elementor-element elementor-element-57d4966 e-con-full e-flex wpr-particle-no wpr-jarallax-no wpr-parallax-no wpr-sticky-section-no e-con e-child\" data-id=\"57d4966\" data-element_type=\"container\">\n\t\t\t\t<div class=\"elementor-element elementor-element-d92f40a elementor-widget elementor-widget-image\" data-id=\"d92f40a\" data-element_type=\"widget\" data-widget_type=\"image.default\">\n\t\t\t\t<div class=\"elementor-widget-container\">\n\t\t\t\t\t\t\t\t\t\t\t\t\t\t\t<img fetchpriority=\"high\" decoding=\"async\" width=\"180\" height=\"727\" src=\"https:\/\/www.chateau-ducru-beaucaillou.com\/wp-content\/uploads\/2025\/12\/la-croix_1-e1764608193195.png\" class=\"attachment-full size-full wp-image-2670\" alt=\"\" srcset=\"https:\/\/www.chateau-ducru-beaucaillou.com\/wp-content\/uploads\/2025\/12\/la-croix_1-e1764608193195.png 180w, https:\/\/www.chateau-ducru-beaucaillou.com\/wp-content\/uploads\/2025\/12\/la-croix_1-e1764608193195-74x300.png 74w\" sizes=\"(max-width: 180px) 100vw, 180px\" \/>\t\t\t\t\t\t\t\t\t\t\t\t\t\t\t<\/div>\n\t\t\t\t<\/div>\n\t\t\t\t<div class=\"elementor-element elementor-element-32389d7 elementor-widget elementor-widget-text-editor\" data-id=\"32389d7\" data-element_type=\"widget\" data-widget_type=\"text-editor.default\">\n\t\t\t\t<div class=\"elementor-widget-container\">\n\t\t\t\t\t\t\t\t\t<p>Powerful, silky,<br \/>very aromatic.<\/p>\t\t\t\t\t\t\t\t<\/div>\n\t\t\t\t<\/div>\n\t\t\t\t<div class=\"elementor-element elementor-element-38051ba elementor-align-center elementor-widget elementor-widget-button\" data-id=\"38051ba\" data-element_type=\"widget\" data-widget_type=\"button.default\">\n\t\t\t\t<div class=\"elementor-widget-container\">\n\t\t\t\t\t\t\t\t\t<div class=\"elementor-button-wrapper\">\n\t\t\t\t\t<a class=\"elementor-button elementor-button-link elementor-size-sm\" href=\"https:\/\/www.chateau-ducru-beaucaillou.com\/en\/ft_croix_mill_2022_gb2_0\/\" target=\"_blank\">\n\t\t\t\t\t\t<span class=\"elementor-button-content-wrapper\">\n\t\t\t\t\t\t\t\t\t<span class=\"elementor-button-text\">Information about 2022 vintage<\/span>\n\t\t\t\t\t<\/span>\n\t\t\t\t\t<\/a>\n\t\t\t\t<\/div>\n\t\t\t\t\t\t\t\t<\/div>\n\t\t\t\t<\/div>\n\t\t\t\t<\/div>\n\t\t\t\t\t<\/div>\n\t\t\t\t<\/div>\n\t\t<div class=\"elementor-element elementor-element-33027a6 e-flex e-con-boxed wpr-particle-no wpr-jarallax-no wpr-parallax-no wpr-sticky-section-no e-con e-parent\" data-id=\"33027a6\" data-element_type=\"container\">\n\t\t\t\t\t<div class=\"e-con-inner\">\n\t\t<div class=\"elementor-element elementor-element-50fbeab e-con-full e-flex wpr-particle-no wpr-jarallax-no wpr-parallax-no wpr-sticky-section-no e-con e-child\" data-id=\"50fbeab\" data-element_type=\"container\" data-settings=\"{&quot;background_background&quot;:&quot;classic&quot;}\">\n\t\t\t\t<div class=\"elementor-element elementor-element-3b9066b elementor-widget elementor-widget-video\" data-id=\"3b9066b\" data-element_type=\"widget\" data-settings=\"{&quot;youtube_url&quot;:&quot;https:\\\/\\\/youtu.be\\\/M1TXt97tXdE&quot;,&quot;video_type&quot;:&quot;youtube&quot;,&quot;controls&quot;:&quot;yes&quot;}\" data-widget_type=\"video.default\">\n\t\t\t\t<div class=\"elementor-widget-container\">\n\t\t\t\t\t\t\t<div class=\"elementor-wrapper elementor-open-inline\">\n\t\t\t<div class=\"elementor-video\"><\/div>\t\t<\/div>\n\t\t\t\t\t\t<\/div>\n\t\t\t\t<\/div>\n\t\t\t\t<\/div>\n\t\t\t\t\t<\/div>\n\t\t\t\t<\/div>\n\t\t\t\t<\/div>\n\t\t","protected":false},"excerpt":{"rendered":"<p>La croixDucru-Beaucaillou The wines of La Croix Ducru-Beaucaillou come from the vineyard of Ch\u00e2teau Ducru-Beaucaillou. This exceptional M\u00e9doc terroir is situated between the Gironde River to the east, the centre and the west of the Saint-Julien appellation. The estate owes its name to its \u201cbeautiful pebbles\u201d (&#8220;beaux cailloux&#8221;, in French) which, because of their high quartz content, make for soils that are poor in plant nutrients.\u00a0 It is precisely this \u201cagrological\u201d paucity, as the late Bordeaux professor and geographer, Ren\u00e9 Pijassou, described it, that makes them so well-suited to the production of fine wine. In the east, the plots are planted along the rolling M\u00e9doc ridges, just above the estuary, while those at the epicentre benefit from a microclimate nurtured by the little La Mouline stream that meanders through the middle of the appellation from west to east before disappearing into the Gironde. See more La Croix Ducru-Beaucaillou is an original expression of the terroirs of Ducru-Beaucaillou, a blend that is one of a kind. Ducru-Beaucaillou\u2019s elitist approach is fully at work here. As is a passion, that of a team dedicated to excellence. A high-flying wine that perfectly expresses its terroir of exception. This wine blends a high proportion of Cabernet Sauvignon (around 60% each year), completed with Merlot Noir (35% to 37%) as well as a subtly spicy touch of Petit Verdot (3% to 5%). Powerful, silky, very aromatic, La Croix Ducru-Beaucaillou beguiles with its bouquet, its balance, its remarkable finesse and its lengthy finish. A great cuv\u00e9e that stimulates, then captivates the senses; it is the perfect introduction to the Borie signature. Powerful, silky,very aromatic. Information about 2022 vintage<\/p>\n","protected":false},"author":1,"featured_media":0,"parent":0,"menu_order":0,"comment_status":"closed","ping_status":"closed","template":"","meta":{"footnotes":""},"class_list":["post-2677","page","type-page","status-publish","hentry"],"yoast_head":"<!-- This site is optimized with the Yoast SEO plugin v26.8 - https:\/\/yoast.com\/product\/yoast-seo-wordpress\/ -->\n<title>La Croix Ducru-Beaucaillou | Ch\u00e2teau Ducru-Beaucaillou<\/title>\n<meta name=\"description\" content=\"Official website of Ch\u00e2teau Ducru-Beaucaillou, Grand Cru Class\u00e9 Saint-Julien, M\u00e9doc, Bordeaux, property of Ducru Beaucaillou SA.\" \/>\n<meta name=\"robots\" content=\"index, follow, max-snippet:-1, max-image-preview:large, max-video-preview:-1\" \/>\n<link rel=\"canonical\" href=\"https:\/\/www.chateau-ducru-beaucaillou.com\/en\/la-croix-ducru-beaucaillou\/\" \/>\n<meta property=\"og:locale\" content=\"en_US\" \/>\n<meta property=\"og:type\" content=\"article\" \/>\n<meta property=\"og:title\" content=\"La Croix Ducru-Beaucaillou | Ch\u00e2teau Ducru-Beaucaillou\" \/>\n<meta property=\"og:description\" content=\"Official website of Ch\u00e2teau Ducru-Beaucaillou, Grand Cru Class\u00e9 Saint-Julien, M\u00e9doc, Bordeaux, property of Ducru Beaucaillou SA.\" \/>\n<meta property=\"og:url\" content=\"https:\/\/www.chateau-ducru-beaucaillou.com\/en\/la-croix-ducru-beaucaillou\/\" \/>\n<meta property=\"og:site_name\" content=\"Ch\u00e2teau Ducru-Beaucaillou\" \/>\n<meta property=\"article:modified_time\" content=\"2026-01-06T10:05:56+00:00\" \/>\n<meta property=\"og:image\" content=\"https:\/\/www.chateau-ducru-beaucaillou.com\/wp-content\/uploads\/2025\/12\/la-croix_1-e1764608193195.png\" \/>\n\t<meta property=\"og:image:width\" content=\"180\" \/>\n\t<meta property=\"og:image:height\" content=\"727\" \/>\n\t<meta property=\"og:image:type\" content=\"image\/png\" \/>\n<meta name=\"twitter:card\" content=\"summary_large_image\" \/>\n<meta name=\"twitter:label1\" content=\"Est. reading time\" \/>\n\t<meta name=\"twitter:data1\" content=\"2 minutes\" \/>\n<script type=\"application\/ld+json\" class=\"yoast-schema-graph\">{\"@context\":\"https:\/\/schema.org\",\"@graph\":[{\"@type\":\"WebPage\",\"@id\":\"https:\/\/www.chateau-ducru-beaucaillou.com\/en\/la-croix-ducru-beaucaillou\/\",\"url\":\"https:\/\/www.chateau-ducru-beaucaillou.com\/en\/la-croix-ducru-beaucaillou\/\",\"name\":\"La Croix Ducru-Beaucaillou | Ch\u00e2teau Ducru-Beaucaillou\",\"isPartOf\":{\"@id\":\"https:\/\/www.chateau-ducru-beaucaillou.com\/en\/#website\"},\"primaryImageOfPage\":{\"@id\":\"https:\/\/www.chateau-ducru-beaucaillou.com\/en\/la-croix-ducru-beaucaillou\/#primaryimage\"},\"image\":{\"@id\":\"https:\/\/www.chateau-ducru-beaucaillou.com\/en\/la-croix-ducru-beaucaillou\/#primaryimage\"},\"thumbnailUrl\":\"https:\/\/www.chateau-ducru-beaucaillou.com\/wp-content\/uploads\/2025\/12\/la-croix_1-e1764608193195.png\",\"datePublished\":\"2025-11-26T15:29:28+00:00\",\"dateModified\":\"2026-01-06T10:05:56+00:00\",\"description\":\"Official website of Ch\u00e2teau Ducru-Beaucaillou, Grand Cru Class\u00e9 Saint-Julien, M\u00e9doc, Bordeaux, property of Ducru Beaucaillou SA.\",\"breadcrumb\":{\"@id\":\"https:\/\/www.chateau-ducru-beaucaillou.com\/en\/la-croix-ducru-beaucaillou\/#breadcrumb\"},\"inLanguage\":\"en-US\",\"potentialAction\":[{\"@type\":\"ReadAction\",\"target\":[\"https:\/\/www.chateau-ducru-beaucaillou.com\/en\/la-croix-ducru-beaucaillou\/\"]}]},{\"@type\":\"ImageObject\",\"inLanguage\":\"en-US\",\"@id\":\"https:\/\/www.chateau-ducru-beaucaillou.com\/en\/la-croix-ducru-beaucaillou\/#primaryimage\",\"url\":\"https:\/\/www.chateau-ducru-beaucaillou.com\/wp-content\/uploads\/2025\/12\/la-croix_1-e1764608193195.png\",\"contentUrl\":\"https:\/\/www.chateau-ducru-beaucaillou.com\/wp-content\/uploads\/2025\/12\/la-croix_1-e1764608193195.png\"},{\"@type\":\"BreadcrumbList\",\"@id\":\"https:\/\/www.chateau-ducru-beaucaillou.com\/en\/la-croix-ducru-beaucaillou\/#breadcrumb\",\"itemListElement\":[{\"@type\":\"ListItem\",\"position\":1,\"name\":\"Accueil\",\"item\":\"https:\/\/www.chateau-ducru-beaucaillou.com\/en\/\"},{\"@type\":\"ListItem\",\"position\":2,\"name\":\"La Croix Ducru-Beaucaillou\"}]},{\"@type\":\"WebSite\",\"@id\":\"https:\/\/www.chateau-ducru-beaucaillou.com\/en\/#website\",\"url\":\"https:\/\/www.chateau-ducru-beaucaillou.com\/en\/\",\"name\":\"Ch\u00e2teau Ducru-Beaucaillou\",\"description\":\"\",\"publisher\":{\"@id\":\"https:\/\/www.chateau-ducru-beaucaillou.com\/en\/#organization\"},\"potentialAction\":[{\"@type\":\"SearchAction\",\"target\":{\"@type\":\"EntryPoint\",\"urlTemplate\":\"https:\/\/www.chateau-ducru-beaucaillou.com\/en\/?s={search_term_string}\"},\"query-input\":{\"@type\":\"PropertyValueSpecification\",\"valueRequired\":true,\"valueName\":\"search_term_string\"}}],\"inLanguage\":\"en-US\"},{\"@type\":\"Organization\",\"@id\":\"https:\/\/www.chateau-ducru-beaucaillou.com\/en\/#organization\",\"name\":\"Ch\u00e2teau Ducru-Beaucaillou\",\"url\":\"https:\/\/www.chateau-ducru-beaucaillou.com\/en\/\",\"logo\":{\"@type\":\"ImageObject\",\"inLanguage\":\"en-US\",\"@id\":\"https:\/\/www.chateau-ducru-beaucaillou.com\/en\/#\/schema\/logo\/image\/\",\"url\":\"https:\/\/www.chateau-ducru-beaucaillou.com\/wp-content\/uploads\/2025\/11\/logo-Ducru-Beaucaillou-orange-complet.svg\",\"contentUrl\":\"https:\/\/www.chateau-ducru-beaucaillou.com\/wp-content\/uploads\/2025\/11\/logo-Ducru-Beaucaillou-orange-complet.svg\",\"width\":480,\"height\":384,\"caption\":\"Ch\u00e2teau Ducru-Beaucaillou\"},\"image\":{\"@id\":\"https:\/\/www.chateau-ducru-beaucaillou.com\/en\/#\/schema\/logo\/image\/\"}}]}<\/script>\n<!-- \/ Yoast SEO plugin. -->","yoast_head_json":{"title":"La Croix Ducru-Beaucaillou | Ch\u00e2teau Ducru-Beaucaillou","description":"Official website of Ch\u00e2teau Ducru-Beaucaillou, Grand Cru Class\u00e9 Saint-Julien, M\u00e9doc, Bordeaux, property of Ducru Beaucaillou SA.","robots":{"index":"index","follow":"follow","max-snippet":"max-snippet:-1","max-image-preview":"max-image-preview:large","max-video-preview":"max-video-preview:-1"},"canonical":"https:\/\/www.chateau-ducru-beaucaillou.com\/en\/la-croix-ducru-beaucaillou\/","og_locale":"en_US","og_type":"article","og_title":"La Croix Ducru-Beaucaillou | Ch\u00e2teau Ducru-Beaucaillou","og_description":"Official website of Ch\u00e2teau Ducru-Beaucaillou, Grand Cru Class\u00e9 Saint-Julien, M\u00e9doc, Bordeaux, property of Ducru Beaucaillou SA.","og_url":"https:\/\/www.chateau-ducru-beaucaillou.com\/en\/la-croix-ducru-beaucaillou\/","og_site_name":"Ch\u00e2teau Ducru-Beaucaillou","article_modified_time":"2026-01-06T10:05:56+00:00","og_image":[{"width":180,"height":727,"url":"https:\/\/www.chateau-ducru-beaucaillou.com\/wp-content\/uploads\/2025\/12\/la-croix_1-e1764608193195.png","type":"image\/png"}],"twitter_card":"summary_large_image","twitter_misc":{"Est. reading time":"2 minutes"},"schema":{"@context":"https:\/\/schema.org","@graph":[{"@type":"WebPage","@id":"https:\/\/www.chateau-ducru-beaucaillou.com\/en\/la-croix-ducru-beaucaillou\/","url":"https:\/\/www.chateau-ducru-beaucaillou.com\/en\/la-croix-ducru-beaucaillou\/","name":"La Croix Ducru-Beaucaillou | Ch\u00e2teau Ducru-Beaucaillou","isPartOf":{"@id":"https:\/\/www.chateau-ducru-beaucaillou.com\/en\/#website"},"primaryImageOfPage":{"@id":"https:\/\/www.chateau-ducru-beaucaillou.com\/en\/la-croix-ducru-beaucaillou\/#primaryimage"},"image":{"@id":"https:\/\/www.chateau-ducru-beaucaillou.com\/en\/la-croix-ducru-beaucaillou\/#primaryimage"},"thumbnailUrl":"https:\/\/www.chateau-ducru-beaucaillou.com\/wp-content\/uploads\/2025\/12\/la-croix_1-e1764608193195.png","datePublished":"2025-11-26T15:29:28+00:00","dateModified":"2026-01-06T10:05:56+00:00","description":"Official website of Ch\u00e2teau Ducru-Beaucaillou, Grand Cru Class\u00e9 Saint-Julien, M\u00e9doc, Bordeaux, property of Ducru Beaucaillou SA.","breadcrumb":{"@id":"https:\/\/www.chateau-ducru-beaucaillou.com\/en\/la-croix-ducru-beaucaillou\/#breadcrumb"},"inLanguage":"en-US","potentialAction":[{"@type":"ReadAction","target":["https:\/\/www.chateau-ducru-beaucaillou.com\/en\/la-croix-ducru-beaucaillou\/"]}]},{"@type":"ImageObject","inLanguage":"en-US","@id":"https:\/\/www.chateau-ducru-beaucaillou.com\/en\/la-croix-ducru-beaucaillou\/#primaryimage","url":"https:\/\/www.chateau-ducru-beaucaillou.com\/wp-content\/uploads\/2025\/12\/la-croix_1-e1764608193195.png","contentUrl":"https:\/\/www.chateau-ducru-beaucaillou.com\/wp-content\/uploads\/2025\/12\/la-croix_1-e1764608193195.png"},{"@type":"BreadcrumbList","@id":"https:\/\/www.chateau-ducru-beaucaillou.com\/en\/la-croix-ducru-beaucaillou\/#breadcrumb","itemListElement":[{"@type":"ListItem","position":1,"name":"Accueil","item":"https:\/\/www.chateau-ducru-beaucaillou.com\/en\/"},{"@type":"ListItem","position":2,"name":"La Croix Ducru-Beaucaillou"}]},{"@type":"WebSite","@id":"https:\/\/www.chateau-ducru-beaucaillou.com\/en\/#website","url":"https:\/\/www.chateau-ducru-beaucaillou.com\/en\/","name":"Ch\u00e2teau Ducru-Beaucaillou","description":"","publisher":{"@id":"https:\/\/www.chateau-ducru-beaucaillou.com\/en\/#organization"},"potentialAction":[{"@type":"SearchAction","target":{"@type":"EntryPoint","urlTemplate":"https:\/\/www.chateau-ducru-beaucaillou.com\/en\/?s={search_term_string}"},"query-input":{"@type":"PropertyValueSpecification","valueRequired":true,"valueName":"search_term_string"}}],"inLanguage":"en-US"},{"@type":"Organization","@id":"https:\/\/www.chateau-ducru-beaucaillou.com\/en\/#organization","name":"Ch\u00e2teau Ducru-Beaucaillou","url":"https:\/\/www.chateau-ducru-beaucaillou.com\/en\/","logo":{"@type":"ImageObject","inLanguage":"en-US","@id":"https:\/\/www.chateau-ducru-beaucaillou.com\/en\/#\/schema\/logo\/image\/","url":"https:\/\/www.chateau-ducru-beaucaillou.com\/wp-content\/uploads\/2025\/11\/logo-Ducru-Beaucaillou-orange-complet.svg","contentUrl":"https:\/\/www.chateau-ducru-beaucaillou.com\/wp-content\/uploads\/2025\/11\/logo-Ducru-Beaucaillou-orange-complet.svg","width":480,"height":384,"caption":"Ch\u00e2teau Ducru-Beaucaillou"},"image":{"@id":"https:\/\/www.chateau-ducru-beaucaillou.com\/en\/#\/schema\/logo\/image\/"}}]}},"_links":{"self":[{"href":"https:\/\/www.chateau-ducru-beaucaillou.com\/en\/wp-json\/wp\/v2\/pages\/2677","targetHints":{"allow":["GET"]}}],"collection":[{"href":"https:\/\/www.chateau-ducru-beaucaillou.com\/en\/wp-json\/wp\/v2\/pages"}],"about":[{"href":"https:\/\/www.chateau-ducru-beaucaillou.com\/en\/wp-json\/wp\/v2\/types\/page"}],"author":[{"embeddable":true,"href":"https:\/\/www.chateau-ducru-beaucaillou.com\/en\/wp-json\/wp\/v2\/users\/1"}],"replies":[{"embeddable":true,"href":"https:\/\/www.chateau-ducru-beaucaillou.com\/en\/wp-json\/wp\/v2\/comments?post=2677"}],"version-history":[{"count":13,"href":"https:\/\/www.chateau-ducru-beaucaillou.com\/en\/wp-json\/wp\/v2\/pages\/2677\/revisions"}],"predecessor-version":[{"id":3669,"href":"https:\/\/www.chateau-ducru-beaucaillou.com\/en\/wp-json\/wp\/v2\/pages\/2677\/revisions\/3669"}],"wp:attachment":[{"href":"https:\/\/www.chateau-ducru-beaucaillou.com\/en\/wp-json\/wp\/v2\/media?parent=2677"}],"curies":[{"name":"wp","href":"https:\/\/api.w.org\/{rel}","templated":true}]}}