{"id":2672,"date":"2025-11-26T15:44:34","date_gmt":"2025-11-26T14:44:34","guid":{"rendered":"https:\/\/www.chateau-ducru-beaucaillou.com\/?page_id=2672"},"modified":"2026-01-06T11:04:59","modified_gmt":"2026-01-06T10:04:59","slug":"ducru-beaucaillou","status":"publish","type":"page","link":"https:\/\/www.chateau-ducru-beaucaillou.com\/en\/ducru-beaucaillou\/","title":{"rendered":"Ducru-Beaucaillou"},"content":{"rendered":"\t\t<div data-elementor-type=\"wp-page\" data-elementor-id=\"2672\" class=\"elementor elementor-2672 elementor-1133\" data-elementor-post-type=\"page\">\n\t\t\t\t<div class=\"elementor-element elementor-element-1e7ed47 e-flex e-con-boxed wpr-particle-no wpr-jarallax-no wpr-parallax-no wpr-sticky-section-no e-con e-parent\" data-id=\"1e7ed47\" data-element_type=\"container\">\n\t\t\t\t\t<div class=\"e-con-inner\">\n\t\t\t\t<div class=\"elementor-element elementor-element-afec046 elementor-widget elementor-widget-heading\" data-id=\"afec046\" data-element_type=\"widget\" data-widget_type=\"heading.default\">\n\t\t\t\t<div class=\"elementor-widget-container\">\n\t\t\t\t\t<h1 class=\"elementor-heading-title elementor-size-default\">Ducru-Beaucaillou<\/h1>\t\t\t\t<\/div>\n\t\t\t\t<\/div>\n\t\t\t\t\t<\/div>\n\t\t\t\t<\/div>\n\t\t<div class=\"elementor-element elementor-element-9f6e8e5 e-flex e-con-boxed wpr-particle-no wpr-jarallax-no wpr-parallax-no wpr-sticky-section-no e-con e-parent\" data-id=\"9f6e8e5\" data-element_type=\"container\">\n\t\t\t\t\t<div class=\"e-con-inner\">\n\t\t<div class=\"elementor-element elementor-element-9220dab e-con-full e-flex wpr-particle-no wpr-jarallax-no wpr-parallax-no wpr-sticky-section-no e-con e-child\" data-id=\"9220dab\" data-element_type=\"container\">\n\t\t\t\t<div class=\"elementor-element elementor-element-39fa187 blocLettrine elementor-widget elementor-widget-text-editor\" data-id=\"39fa187\" data-element_type=\"widget\" data-widget_type=\"text-editor.default\">\n\t\t\t\t<div class=\"elementor-widget-container\">\n\t\t\t\t\t\t\t\t\t<p>For 300 years, six families have nurtured an indelible bond with Ch\u00e2teau Ducru-Beaucaillou. They are forever captives of this prestigious estate, be they named Desjean, Bergeron, Ducru, Johnston, Desbarat, or Borie. Its families were never short of praise for it. Over the decades, this devotion has managed to overcome all that is accidental or fleeting, as if passion perfected Nature&#8217;s opus.\u00a0<\/p>\t\t\t\t\t\t\t\t<\/div>\n\t\t\t\t<\/div>\n\t\t\t\t<div class=\"elementor-element elementor-element-54ce31f elementor-widget elementor-widget-text-editor\" data-id=\"54ce31f\" data-element_type=\"widget\" data-widget_type=\"text-editor.default\">\n\t\t\t\t<div class=\"elementor-widget-container\">\n\t\t\t\t\t\t\t\t\t<p>Ch\u00e2teau Ducru-Beaucaillou owes its name to its &#8220;beautiful pebbles&#8221; (&#8220;beaux Cailloux&#8221;, in French) that geologists refer to less romantically as Gunzian gravel. These quartz pebbles were deposited by the ancient Garonne at the beginning of the early Quaternary period, some two million years ago. It suffices to take a walk through the vineyards to make rich lithological finds. Lydian jasper from the Pyrenees, flint, quartz, agatoids&#8230; These Gunzian gravels make for soils that are poor in plant nutrients. But it is their very agrological paucity that guarantees the qualitative excellence of the wines. A choice of nature.<\/p>\t\t\t\t\t\t\t\t<\/div>\n\t\t\t\t<\/div>\n\t\t\t\t<div class=\"elementor-element elementor-element-0bed51e wpr-advanced-accordion-icon-side-box elementor-widget elementor-widget-wpr-advanced-accordion\" data-id=\"0bed51e\" data-element_type=\"widget\" data-settings=\"{&quot;active_item&quot;:0}\" data-widget_type=\"wpr-advanced-accordion.default\">\n\t\t\t\t<div class=\"elementor-widget-container\">\n\t\t\t\t\t\n            <div class=\"wpr-advanced-accordion\" data-accordion-type=\"accordion\" data-active-index=\"0\" data-accordion-trigger=\"click\" data-interaction-speed=\"0.4\">\n\n\t\t\t\n                \n\t\t\t\t\t<div class=\"wpr-accordion-item-wrap\">\n\t\t\t\t\t\t<button class=\"wpr-acc-button\">\n\t\t\t\t\t\t\t<span class=\"wpr-acc-item-title\">\n\t\t\t\t\t\t\t\t\t\t\t\t\t\t\t\t\t<div class=\"wpr-acc-icon-box\">\n\t\t\t\t\t\t\t\t\t\t\t\t\t\t<span class=\"wpr-toggle-icon wpr-ti-close\"><i aria-hidden=\"true\" class=\"fas fa-plus\"><\/i><\/span>\n\t\t\t\t<span class=\"wpr-toggle-icon wpr-ti-open\"><i aria-hidden=\"true\" class=\"fas fa-minus\"><\/i><\/span>\n\t\t\t\t\t\t\t\t\t\t\t\t<\/div>\n\t\t\t\t\t\t\t\t\n\t\t\t\t\t\t\t\t<span class=\"wpr-acc-title-text\">See more<\/span>\n\t\t\t\t\t\t\t<\/span>\n\t\t\t\t\t\t\t\t\t\t\t<span class=\"wpr-title-icon\">\n\t\t\t\t\t\t\t\t\t<\/span>\n\t\t\t\t\t\t\t\t\t<\/button>\n\n\t\t\t\t\t\t<div class=\"wpr-acc-panel\">\n\t\t\t\t\t\t\t\t\t\t\t\t\t\t\t<div class=\"wpr-acc-panel-content\"><p>The other privilege enjoyed by Ducru-Beaucaillou is its proximity to the vast Gironde River estuary (some 635 km\u00b2). The four daily tides that stir up this massive body of water mitigate the rigors of winter, moderate the summer heatwaves, and deflect the devastating trajectory of hailstorms.<\/p><p>No less than 50 manual interventions contribute to the crafting of Ducru-Beaucaillou \"grand vin\". This united, multicultural team shares a common philosophy: to push the demands of their profession to the limits. Great wine is an accumulation of care and attention to detail. The viticulture is wilfully elitist and respectful, from the technical winegrowing process to the reconstitution of the soils, from the traditional M\u00e9doc-style pruning to the meticulous green harvesting and the staggered replanting of each vineyard blocks. Selection of the grapes is ever more stringent, vinification is adapted to the specific identity of each plot. All of these efforts contribute to the extraordinary purity of the blends that subsequently undergo slow aging in 100% new French oak barrels for 18 months. Not to mention the unending listening, questioning, reflecting.<\/p><p>The result is in the glass. The allure is immediate. A soft, fruity attack on the palate, a voluptuousness underscored by perfectly integrated, silky tannins that culminate in an exceptionally lengthy finish. The aromas dance, flatter the nose, seduce the soul and penetrate the memory. A muse that arrives on tiptoe and leave a lasting, infinite souvenir.<\/p><\/div>\n\t\t\t\t\t\t\t\t\t\t\t\t\t<\/div>\n                    <\/div>\n\n                            <\/div>\n        \t\t\t\t<\/div>\n\t\t\t\t<\/div>\n\t\t\t\t<\/div>\n\t\t<div class=\"elementor-element elementor-element-6b022c9 e-con-full e-flex wpr-particle-no wpr-jarallax-no wpr-parallax-no wpr-sticky-section-no e-con e-child\" data-id=\"6b022c9\" data-element_type=\"container\">\n\t\t\t\t<div class=\"elementor-element elementor-element-85a00f0 elementor-widget elementor-widget-image\" data-id=\"85a00f0\" data-element_type=\"widget\" data-widget_type=\"image.default\">\n\t\t\t\t<div class=\"elementor-widget-container\">\n\t\t\t\t\t\t\t\t\t\t\t\t\t\t\t<img fetchpriority=\"high\" decoding=\"async\" width=\"180\" height=\"734\" src=\"https:\/\/www.chateau-ducru-beaucaillou.com\/wp-content\/uploads\/2025\/12\/ducru_1-e1764607225935.png\" class=\"attachment-full size-full wp-image-2667\" alt=\"\" \/>\t\t\t\t\t\t\t\t\t\t\t\t\t\t\t<\/div>\n\t\t\t\t<\/div>\n\t\t\t\t<div class=\"elementor-element elementor-element-90a3a78 elementor-widget elementor-widget-text-editor\" data-id=\"90a3a78\" data-element_type=\"widget\" data-widget_type=\"text-editor.default\">\n\t\t\t\t<div class=\"elementor-widget-container\">\n\t\t\t\t\t\t\t\t\t<p>An ode to hedonism<br \/>and to the love<br \/>of the land<\/p>\t\t\t\t\t\t\t\t<\/div>\n\t\t\t\t<\/div>\n\t\t\t\t<div class=\"elementor-element elementor-element-3fbce55 elementor-align-center elementor-widget elementor-widget-button\" data-id=\"3fbce55\" data-element_type=\"widget\" data-widget_type=\"button.default\">\n\t\t\t\t<div class=\"elementor-widget-container\">\n\t\t\t\t\t\t\t\t\t<div class=\"elementor-button-wrapper\">\n\t\t\t\t\t<a class=\"elementor-button elementor-button-link elementor-size-sm\" href=\"https:\/\/www.chateau-ducru-beaucaillou.com\/en\/ft_ducru_mill_2022_gb3_0\/\" target=\"_blank\">\n\t\t\t\t\t\t<span class=\"elementor-button-content-wrapper\">\n\t\t\t\t\t\t\t\t\t<span class=\"elementor-button-text\">Information about 2022 vintage<\/span>\n\t\t\t\t\t<\/span>\n\t\t\t\t\t<\/a>\n\t\t\t\t<\/div>\n\t\t\t\t\t\t\t\t<\/div>\n\t\t\t\t<\/div>\n\t\t\t\t<\/div>\n\t\t\t\t\t<\/div>\n\t\t\t\t<\/div>\n\t\t<div class=\"elementor-element elementor-element-2a62132 e-flex e-con-boxed wpr-particle-no wpr-jarallax-no wpr-parallax-no wpr-sticky-section-no e-con e-parent\" data-id=\"2a62132\" data-element_type=\"container\">\n\t\t\t\t\t<div class=\"e-con-inner\">\n\t\t\t\t<div class=\"elementor-element elementor-element-3100065 elementor-widget elementor-widget-image\" data-id=\"3100065\" data-element_type=\"widget\" data-widget_type=\"image.default\">\n\t\t\t\t<div class=\"elementor-widget-container\">\n\t\t\t\t\t\t\t\t\t\t\t\t\t\t\t<img decoding=\"async\" width=\"800\" height=\"357\" src=\"https:\/\/www.chateau-ducru-beaucaillou.com\/wp-content\/uploads\/2025\/12\/header-primeur-2020_2-1024x457.jpg\" class=\"attachment-large size-large wp-image-2668\" alt=\"\" srcset=\"https:\/\/www.chateau-ducru-beaucaillou.com\/wp-content\/uploads\/2025\/12\/header-primeur-2020_2-1024x457.jpg 1024w, https:\/\/www.chateau-ducru-beaucaillou.com\/wp-content\/uploads\/2025\/12\/header-primeur-2020_2-300x134.jpg 300w, https:\/\/www.chateau-ducru-beaucaillou.com\/wp-content\/uploads\/2025\/12\/header-primeur-2020_2-768x343.jpg 768w, https:\/\/www.chateau-ducru-beaucaillou.com\/wp-content\/uploads\/2025\/12\/header-primeur-2020_2.jpg 1280w\" sizes=\"(max-width: 800px) 100vw, 800px\" \/>\t\t\t\t\t\t\t\t\t\t\t\t\t\t\t<\/div>\n\t\t\t\t<\/div>\n\t\t\t\t<div class=\"elementor-element elementor-element-1847f06 elementor-widget elementor-widget-heading\" data-id=\"1847f06\" data-element_type=\"widget\" data-widget_type=\"heading.default\">\n\t\t\t\t<div class=\"elementor-widget-container\">\n\t\t\t\t\t<h2 class=\"elementor-heading-title elementor-size-default\">Primeurs 2020<\/h2>\t\t\t\t<\/div>\n\t\t\t\t<\/div>\n\t\t\t\t<div class=\"elementor-element elementor-element-07137b3 elementor-mobile-align-justify elementor-widget elementor-widget-button\" data-id=\"07137b3\" data-element_type=\"widget\" data-widget_type=\"button.default\">\n\t\t\t\t<div class=\"elementor-widget-container\">\n\t\t\t\t\t\t\t\t\t<div class=\"elementor-button-wrapper\">\n\t\t\t\t\t<a class=\"elementor-button elementor-button-link elementor-size-sm\" href=\"https:\/\/www.chateau-ducru-beaucaillou.com\/en\/primeurs-2020\/\">\n\t\t\t\t\t\t<span class=\"elementor-button-content-wrapper\">\n\t\t\t\t\t\t\t\t\t<span class=\"elementor-button-text\">Discover<\/span>\n\t\t\t\t\t<\/span>\n\t\t\t\t\t<\/a>\n\t\t\t\t<\/div>\n\t\t\t\t\t\t\t\t<\/div>\n\t\t\t\t<\/div>\n\t\t\t\t\t<\/div>\n\t\t\t\t<\/div>\n\t\t\t\t<\/div>\n\t\t","protected":false},"excerpt":{"rendered":"<p>Ducru-Beaucaillou For 300 years, six families have nurtured an indelible bond with Ch\u00e2teau Ducru-Beaucaillou. They are forever captives of this prestigious estate, be they named Desjean, Bergeron, Ducru, Johnston, Desbarat, or Borie. Its families were never short of praise for it. Over the decades, this devotion has managed to overcome all that is accidental or fleeting, as if passion perfected Nature&#8217;s opus.\u00a0 Ch\u00e2teau Ducru-Beaucaillou owes its name to its &#8220;beautiful pebbles&#8221; (&#8220;beaux Cailloux&#8221;, in French) that geologists refer to less romantically as Gunzian gravel. These quartz pebbles were deposited by the ancient Garonne at the beginning of the early Quaternary period, some two million years ago. It suffices to take a walk through the vineyards to make rich lithological finds. Lydian jasper from the Pyrenees, flint, quartz, agatoids&#8230; These Gunzian gravels make for soils that are poor in plant nutrients. But it is their very agrological paucity that guarantees the qualitative excellence of the wines. A choice of nature. See more The other privilege enjoyed by Ducru-Beaucaillou is its proximity to the vast Gironde River estuary (some 635 km\u00b2). The four daily tides that stir up this massive body of water mitigate the rigors of winter, moderate the summer heatwaves, and deflect the devastating trajectory of hailstorms. No less than 50 manual interventions contribute to the crafting of Ducru-Beaucaillou &#8220;grand vin&#8221;. This united, multicultural team shares a common philosophy: to push the demands of their profession to the limits. Great wine is an accumulation of care and attention to detail. The viticulture is wilfully elitist and respectful, from the technical winegrowing process to the reconstitution of the soils, from the traditional M\u00e9doc-style pruning to the meticulous green harvesting and the staggered replanting of each vineyard blocks. Selection of the grapes is ever more stringent, vinification is adapted to the specific identity of each plot. All of these efforts contribute to the extraordinary purity of the blends that subsequently undergo slow aging in 100% new French oak barrels for 18 months. Not to mention the unending listening, questioning, reflecting. The result is in the glass. The allure is immediate. A soft, fruity attack on the palate, a voluptuousness underscored by perfectly integrated, silky tannins that culminate in an exceptionally lengthy finish. The aromas dance, flatter the nose, seduce the soul and penetrate the memory. A muse that arrives on tiptoe and leave a lasting, infinite souvenir. An ode to hedonismand to the loveof the land Information about 2022 vintage Primeurs 2020 Discover<\/p>\n","protected":false},"author":1,"featured_media":0,"parent":0,"menu_order":0,"comment_status":"closed","ping_status":"closed","template":"","meta":{"footnotes":""},"class_list":["post-2672","page","type-page","status-publish","hentry"],"yoast_head":"<!-- This site is optimized with the Yoast SEO plugin v26.8 - https:\/\/yoast.com\/product\/yoast-seo-wordpress\/ -->\n<title>Ducru-Beaucaillou | Ch\u00e2teau Ducru-Beaucaillou<\/title>\n<meta name=\"description\" content=\"Official website of Ch\u00e2teau Ducru-Beaucaillou, Grand Cru Class\u00e9 Saint-Julien, M\u00e9doc, Bordeaux, property of Ducru Beaucaillou SA.\" \/>\n<meta name=\"robots\" content=\"index, follow, max-snippet:-1, max-image-preview:large, max-video-preview:-1\" \/>\n<link rel=\"canonical\" href=\"https:\/\/www.chateau-ducru-beaucaillou.com\/en\/ducru-beaucaillou\/\" \/>\n<meta property=\"og:locale\" content=\"en_US\" \/>\n<meta property=\"og:type\" content=\"article\" \/>\n<meta property=\"og:title\" content=\"Ducru-Beaucaillou | Ch\u00e2teau Ducru-Beaucaillou\" \/>\n<meta property=\"og:description\" content=\"Official website of Ch\u00e2teau Ducru-Beaucaillou, Grand Cru Class\u00e9 Saint-Julien, M\u00e9doc, Bordeaux, property of Ducru Beaucaillou SA.\" \/>\n<meta property=\"og:url\" content=\"https:\/\/www.chateau-ducru-beaucaillou.com\/en\/ducru-beaucaillou\/\" \/>\n<meta property=\"og:site_name\" content=\"Ch\u00e2teau Ducru-Beaucaillou\" \/>\n<meta property=\"article:modified_time\" content=\"2026-01-06T10:04:59+00:00\" \/>\n<meta property=\"og:image\" content=\"https:\/\/www.chateau-ducru-beaucaillou.com\/wp-content\/uploads\/2025\/12\/ducru_1-e1764607225935.png\" \/>\n\t<meta property=\"og:image:width\" content=\"180\" \/>\n\t<meta property=\"og:image:height\" content=\"734\" \/>\n\t<meta property=\"og:image:type\" content=\"image\/png\" \/>\n<meta name=\"twitter:card\" content=\"summary_large_image\" \/>\n<meta name=\"twitter:label1\" content=\"Est. reading time\" \/>\n\t<meta name=\"twitter:data1\" content=\"3 minutes\" \/>\n<script type=\"application\/ld+json\" class=\"yoast-schema-graph\">{\"@context\":\"https:\/\/schema.org\",\"@graph\":[{\"@type\":\"WebPage\",\"@id\":\"https:\/\/www.chateau-ducru-beaucaillou.com\/en\/ducru-beaucaillou\/\",\"url\":\"https:\/\/www.chateau-ducru-beaucaillou.com\/en\/ducru-beaucaillou\/\",\"name\":\"Ducru-Beaucaillou | Ch\u00e2teau Ducru-Beaucaillou\",\"isPartOf\":{\"@id\":\"https:\/\/www.chateau-ducru-beaucaillou.com\/en\/#website\"},\"primaryImageOfPage\":{\"@id\":\"https:\/\/www.chateau-ducru-beaucaillou.com\/en\/ducru-beaucaillou\/#primaryimage\"},\"image\":{\"@id\":\"https:\/\/www.chateau-ducru-beaucaillou.com\/en\/ducru-beaucaillou\/#primaryimage\"},\"thumbnailUrl\":\"https:\/\/www.chateau-ducru-beaucaillou.com\/wp-content\/uploads\/2025\/12\/ducru_1-e1764607225935.png\",\"datePublished\":\"2025-11-26T14:44:34+00:00\",\"dateModified\":\"2026-01-06T10:04:59+00:00\",\"description\":\"Official website of Ch\u00e2teau Ducru-Beaucaillou, Grand Cru Class\u00e9 Saint-Julien, M\u00e9doc, Bordeaux, property of Ducru Beaucaillou SA.\",\"breadcrumb\":{\"@id\":\"https:\/\/www.chateau-ducru-beaucaillou.com\/en\/ducru-beaucaillou\/#breadcrumb\"},\"inLanguage\":\"en-US\",\"potentialAction\":[{\"@type\":\"ReadAction\",\"target\":[\"https:\/\/www.chateau-ducru-beaucaillou.com\/en\/ducru-beaucaillou\/\"]}]},{\"@type\":\"ImageObject\",\"inLanguage\":\"en-US\",\"@id\":\"https:\/\/www.chateau-ducru-beaucaillou.com\/en\/ducru-beaucaillou\/#primaryimage\",\"url\":\"https:\/\/www.chateau-ducru-beaucaillou.com\/wp-content\/uploads\/2025\/12\/ducru_1-e1764607225935.png\",\"contentUrl\":\"https:\/\/www.chateau-ducru-beaucaillou.com\/wp-content\/uploads\/2025\/12\/ducru_1-e1764607225935.png\"},{\"@type\":\"BreadcrumbList\",\"@id\":\"https:\/\/www.chateau-ducru-beaucaillou.com\/en\/ducru-beaucaillou\/#breadcrumb\",\"itemListElement\":[{\"@type\":\"ListItem\",\"position\":1,\"name\":\"Accueil\",\"item\":\"https:\/\/www.chateau-ducru-beaucaillou.com\/en\/\"},{\"@type\":\"ListItem\",\"position\":2,\"name\":\"Ducru-Beaucaillou\"}]},{\"@type\":\"WebSite\",\"@id\":\"https:\/\/www.chateau-ducru-beaucaillou.com\/en\/#website\",\"url\":\"https:\/\/www.chateau-ducru-beaucaillou.com\/en\/\",\"name\":\"Ch\u00e2teau Ducru-Beaucaillou\",\"description\":\"\",\"publisher\":{\"@id\":\"https:\/\/www.chateau-ducru-beaucaillou.com\/en\/#organization\"},\"potentialAction\":[{\"@type\":\"SearchAction\",\"target\":{\"@type\":\"EntryPoint\",\"urlTemplate\":\"https:\/\/www.chateau-ducru-beaucaillou.com\/en\/?s={search_term_string}\"},\"query-input\":{\"@type\":\"PropertyValueSpecification\",\"valueRequired\":true,\"valueName\":\"search_term_string\"}}],\"inLanguage\":\"en-US\"},{\"@type\":\"Organization\",\"@id\":\"https:\/\/www.chateau-ducru-beaucaillou.com\/en\/#organization\",\"name\":\"Ch\u00e2teau Ducru-Beaucaillou\",\"url\":\"https:\/\/www.chateau-ducru-beaucaillou.com\/en\/\",\"logo\":{\"@type\":\"ImageObject\",\"inLanguage\":\"en-US\",\"@id\":\"https:\/\/www.chateau-ducru-beaucaillou.com\/en\/#\/schema\/logo\/image\/\",\"url\":\"https:\/\/www.chateau-ducru-beaucaillou.com\/wp-content\/uploads\/2025\/11\/logo-Ducru-Beaucaillou-orange-complet.svg\",\"contentUrl\":\"https:\/\/www.chateau-ducru-beaucaillou.com\/wp-content\/uploads\/2025\/11\/logo-Ducru-Beaucaillou-orange-complet.svg\",\"width\":480,\"height\":384,\"caption\":\"Ch\u00e2teau Ducru-Beaucaillou\"},\"image\":{\"@id\":\"https:\/\/www.chateau-ducru-beaucaillou.com\/en\/#\/schema\/logo\/image\/\"}}]}<\/script>\n<!-- \/ Yoast SEO plugin. -->","yoast_head_json":{"title":"Ducru-Beaucaillou | Ch\u00e2teau Ducru-Beaucaillou","description":"Official website of Ch\u00e2teau Ducru-Beaucaillou, Grand Cru Class\u00e9 Saint-Julien, M\u00e9doc, Bordeaux, property of Ducru Beaucaillou SA.","robots":{"index":"index","follow":"follow","max-snippet":"max-snippet:-1","max-image-preview":"max-image-preview:large","max-video-preview":"max-video-preview:-1"},"canonical":"https:\/\/www.chateau-ducru-beaucaillou.com\/en\/ducru-beaucaillou\/","og_locale":"en_US","og_type":"article","og_title":"Ducru-Beaucaillou | Ch\u00e2teau Ducru-Beaucaillou","og_description":"Official website of Ch\u00e2teau Ducru-Beaucaillou, Grand Cru Class\u00e9 Saint-Julien, M\u00e9doc, Bordeaux, property of Ducru Beaucaillou SA.","og_url":"https:\/\/www.chateau-ducru-beaucaillou.com\/en\/ducru-beaucaillou\/","og_site_name":"Ch\u00e2teau Ducru-Beaucaillou","article_modified_time":"2026-01-06T10:04:59+00:00","og_image":[{"width":180,"height":734,"url":"https:\/\/www.chateau-ducru-beaucaillou.com\/wp-content\/uploads\/2025\/12\/ducru_1-e1764607225935.png","type":"image\/png"}],"twitter_card":"summary_large_image","twitter_misc":{"Est. reading time":"3 minutes"},"schema":{"@context":"https:\/\/schema.org","@graph":[{"@type":"WebPage","@id":"https:\/\/www.chateau-ducru-beaucaillou.com\/en\/ducru-beaucaillou\/","url":"https:\/\/www.chateau-ducru-beaucaillou.com\/en\/ducru-beaucaillou\/","name":"Ducru-Beaucaillou | Ch\u00e2teau Ducru-Beaucaillou","isPartOf":{"@id":"https:\/\/www.chateau-ducru-beaucaillou.com\/en\/#website"},"primaryImageOfPage":{"@id":"https:\/\/www.chateau-ducru-beaucaillou.com\/en\/ducru-beaucaillou\/#primaryimage"},"image":{"@id":"https:\/\/www.chateau-ducru-beaucaillou.com\/en\/ducru-beaucaillou\/#primaryimage"},"thumbnailUrl":"https:\/\/www.chateau-ducru-beaucaillou.com\/wp-content\/uploads\/2025\/12\/ducru_1-e1764607225935.png","datePublished":"2025-11-26T14:44:34+00:00","dateModified":"2026-01-06T10:04:59+00:00","description":"Official website of Ch\u00e2teau Ducru-Beaucaillou, Grand Cru Class\u00e9 Saint-Julien, M\u00e9doc, Bordeaux, property of Ducru Beaucaillou SA.","breadcrumb":{"@id":"https:\/\/www.chateau-ducru-beaucaillou.com\/en\/ducru-beaucaillou\/#breadcrumb"},"inLanguage":"en-US","potentialAction":[{"@type":"ReadAction","target":["https:\/\/www.chateau-ducru-beaucaillou.com\/en\/ducru-beaucaillou\/"]}]},{"@type":"ImageObject","inLanguage":"en-US","@id":"https:\/\/www.chateau-ducru-beaucaillou.com\/en\/ducru-beaucaillou\/#primaryimage","url":"https:\/\/www.chateau-ducru-beaucaillou.com\/wp-content\/uploads\/2025\/12\/ducru_1-e1764607225935.png","contentUrl":"https:\/\/www.chateau-ducru-beaucaillou.com\/wp-content\/uploads\/2025\/12\/ducru_1-e1764607225935.png"},{"@type":"BreadcrumbList","@id":"https:\/\/www.chateau-ducru-beaucaillou.com\/en\/ducru-beaucaillou\/#breadcrumb","itemListElement":[{"@type":"ListItem","position":1,"name":"Accueil","item":"https:\/\/www.chateau-ducru-beaucaillou.com\/en\/"},{"@type":"ListItem","position":2,"name":"Ducru-Beaucaillou"}]},{"@type":"WebSite","@id":"https:\/\/www.chateau-ducru-beaucaillou.com\/en\/#website","url":"https:\/\/www.chateau-ducru-beaucaillou.com\/en\/","name":"Ch\u00e2teau Ducru-Beaucaillou","description":"","publisher":{"@id":"https:\/\/www.chateau-ducru-beaucaillou.com\/en\/#organization"},"potentialAction":[{"@type":"SearchAction","target":{"@type":"EntryPoint","urlTemplate":"https:\/\/www.chateau-ducru-beaucaillou.com\/en\/?s={search_term_string}"},"query-input":{"@type":"PropertyValueSpecification","valueRequired":true,"valueName":"search_term_string"}}],"inLanguage":"en-US"},{"@type":"Organization","@id":"https:\/\/www.chateau-ducru-beaucaillou.com\/en\/#organization","name":"Ch\u00e2teau Ducru-Beaucaillou","url":"https:\/\/www.chateau-ducru-beaucaillou.com\/en\/","logo":{"@type":"ImageObject","inLanguage":"en-US","@id":"https:\/\/www.chateau-ducru-beaucaillou.com\/en\/#\/schema\/logo\/image\/","url":"https:\/\/www.chateau-ducru-beaucaillou.com\/wp-content\/uploads\/2025\/11\/logo-Ducru-Beaucaillou-orange-complet.svg","contentUrl":"https:\/\/www.chateau-ducru-beaucaillou.com\/wp-content\/uploads\/2025\/11\/logo-Ducru-Beaucaillou-orange-complet.svg","width":480,"height":384,"caption":"Ch\u00e2teau Ducru-Beaucaillou"},"image":{"@id":"https:\/\/www.chateau-ducru-beaucaillou.com\/en\/#\/schema\/logo\/image\/"}}]}},"_links":{"self":[{"href":"https:\/\/www.chateau-ducru-beaucaillou.com\/en\/wp-json\/wp\/v2\/pages\/2672","targetHints":{"allow":["GET"]}}],"collection":[{"href":"https:\/\/www.chateau-ducru-beaucaillou.com\/en\/wp-json\/wp\/v2\/pages"}],"about":[{"href":"https:\/\/www.chateau-ducru-beaucaillou.com\/en\/wp-json\/wp\/v2\/types\/page"}],"author":[{"embeddable":true,"href":"https:\/\/www.chateau-ducru-beaucaillou.com\/en\/wp-json\/wp\/v2\/users\/1"}],"replies":[{"embeddable":true,"href":"https:\/\/www.chateau-ducru-beaucaillou.com\/en\/wp-json\/wp\/v2\/comments?post=2672"}],"version-history":[{"count":7,"href":"https:\/\/www.chateau-ducru-beaucaillou.com\/en\/wp-json\/wp\/v2\/pages\/2672\/revisions"}],"predecessor-version":[{"id":3666,"href":"https:\/\/www.chateau-ducru-beaucaillou.com\/en\/wp-json\/wp\/v2\/pages\/2672\/revisions\/3666"}],"wp:attachment":[{"href":"https:\/\/www.chateau-ducru-beaucaillou.com\/en\/wp-json\/wp\/v2\/media?parent=2672"}],"curies":[{"name":"wp","href":"https:\/\/api.w.org\/{rel}","templated":true}]}}